{"id":7960,"date":"2024-03-07T13:21:56","date_gmt":"2024-03-07T11:21:56","guid":{"rendered":"https:\/\/biro.nl\/biro-point-haarlem\/"},"modified":"2025-02-27T15:43:56","modified_gmt":"2025-02-27T13:43:56","slug":"biro-store-haarlem","status":"publish","type":"page","link":"https:\/\/biro.nl\/en\/biro-store-haarlem\/","title":{"rendered":"Bir\u00f2 Point Haarlem"},"content":{"rendered":"<div class=\"wpb-content-wrapper\">[vc_section][vc_row][vc_column][vc_empty_space height=&#8221;50px&#8221;][\/vc_column][\/vc_row][\/vc_section][vc_section][vc_row fullwidth=&#8221;true&#8221; fullwidth_content=&#8221;false&#8221; css=&#8221;.vc_custom_1532701168345{padding-left: 1% !important;}&#8221;][vc_column el_class=&#8221;header-blok&#8221;][mk_fancy_title tag_name=&#8221;h1&#8243; margin_bottom=&#8221;0&#8243; font_family=&#8221;none&#8221; responsive_align=&#8221;left&#8221;]\n<h2>Bir\u00f2 Haarlem<\/h2>\n[\/mk_fancy_title][vc_separator color=&#8221;custom&#8221; align=&#8221;align_left&#8221; el_width=&#8221;10&#8243; accent_color=&#8221;#ec3e33&#8243;][vc_column_text css=&#8221;.vc_custom_1580997560644{margin-bottom: 0px !important;}&#8221;]<span style=\"font-weight: 400;\">Visit our store for a free test drive or contact us for more information. <\/span>[\/vc_column_text][vc_empty_space][\/vc_column][\/vc_row][vc_row fullwidth=&#8221;true&#8221; fullwidth_content=&#8221;false&#8221; css=&#8221;.vc_custom_1532701168345{padding-left: 1% !important;}&#8221;][vc_column el_class=&#8221;header-blok&#8221;][vc_empty_space][\/vc_column][\/vc_row][vc_row fullwidth=&#8221;true&#8221; fullwidth_content=&#8221;false&#8221; equal_columns=&#8221;true&#8221;][vc_column width=&#8221;1\/3&#8243;][vc_column_text css=&#8221;.vc_custom_1709737130593{margin-bottom: 0px !important;}&#8221;]\n<h3>Bir\u00f2 Point Haarlem<\/h3>\n<p><a href=\"https:\/\/maps.app.goo.gl\/bosnKbuyb9yaqm5N6\">Oosterduinweg 1<br \/>\nHaarlem<\/a><br \/>\n<a href=\"tel:+31208460549\">T. <\/a><a href=\"https:\/\/www.google.com\/search?client=safari&amp;rls=en&amp;q=fevzi+scooters&amp;ie=UTF-8&amp;oe=UTF-8#\" data-dtype=\"d3ph\" data-local-attribute=\"d3ph\" data-ved=\"2ahUKEwii5qmW8d-EAxVxh_0HHfAKBPYQkAgoAHoECEkQAg\"><span aria-label=\"Telefoonnummer 06 38406096 bellen\">06 &#8211; 38406096<\/span><\/a><br \/>\n<a href=\"mailto:info@biro.nl\">info@biro.nl<\/a>[\/vc_column_text][vc_empty_space][\/vc_column][vc_column width=&#8221;1\/3&#8243;][vc_column_text css=&#8221;.vc_custom_1709737168046{margin-bottom: 0px !important;}&#8221;]<strong>Opening hours<\/strong><br \/>\nMonday: closed<br \/>\nTuesday: 09.00 &#8211; 18.00<br \/>\nWednesday: 09.00 &#8211; 18.00<br \/>\nThursday: 09.00 &#8211; 18.00<br \/>\nFriday: 09.00- 18.00<br \/>\nSaturday: 09.00 &#8211; 17.00<br \/>\nSunday: closed[\/vc_column_text][\/vc_column][vc_column width=&#8221;1\/3&#8243;][\/vc_column][\/vc_row][vc_row fullwidth=&#8221;true&#8221; fullwidth_content=&#8221;false&#8221;][vc_column][vc_raw_html css=&#8221;&#8221;]PCEtLSBDYWxlbmRseSBpbmxpbmUgd2lkZ2V0IGJlZ2luIC0tPg0KPGRpdiBjbGFzcz0iY2FsZW5kbHktaW5saW5lLXdpZGdldCIgZGF0YS11cmw9Imh0dHBzOi8vY2FsZW5kbHkuY29tL2Jpcm9uZWRlcmxhbmQvaGFhcmxlbS1mZXZ6aS1zY29vdGVycz9wcmltYXJ5X2NvbG9yPWU5NDkzMyI+PC9kaXY+DQo8c2NyaXB0IHR5cGU9InRleHQvamF2YXNjcmlwdCIgc3JjPSJodHRwczovL2Fzc2V0cy5jYWxlbmRseS5jb20vYXNzZXRzL2V4dGVybmFsL3dpZGdldC5qcyIgYXN5bmM+PC9zY3JpcHQ+DQo8IS0tIENhbGVuZGx5IGlubGluZSB3aWRnZXQgZW5kIC0tPg==[\/vc_raw_html][\/vc_column][\/vc_row][vc_row fullwidth=&#8221;true&#8221; fullwidth_content=&#8221;false&#8221; css=&#8221;.vc_custom_1532701168345{padding-left: 1% !important;}&#8221;][vc_column el_class=&#8221;header-blok&#8221;][vc_empty_space][\/vc_column][\/vc_row][vc_row fullwidth=&#8221;true&#8221; fullwidth_content=&#8221;false&#8221;][vc_column][vc_raw_html]PGlmcmFtZSBzcmM9Imh0dHBzOi8vd3d3Lmdvb2dsZS5jb20vbWFwcy9lbWJlZD9wYj0hMW0xOCExbTEyITFtMyExZDI0MzUuOTMzMTU0NTM0MjIxNiEyZDQuNjAxNTY1NDEyODEyNzY2ITNkNTIuMzcxNjMyMDcxOTA1ODY0ITJtMyExZjAhMmYwITNmMCEzbTIhMWkxMDI0ITJpNzY4ITRmMTMuMSEzbTMhMW0yITFzMHg0N2M1ZWVjOGJkYWMyYjNiJTNBMHg1N2UzMmIyY2E4NzFhZDhiITJzRmV2emklMjBTY29vdGVycyE1ZTAhM20yITFzbmwhMnNubCE0djE3MDk3MzY5MjkxMjchNW0yITFzbmwhMnNubCIgd2lkdGg9IjExNDAiIGhlaWdodD0iMzAwIiBzdHlsZT0iYm9yZGVyOjA7IiBhbGxvd2Z1bGxzY3JlZW49IiIgbG9hZGluZz0ibGF6eSIgcmVmZXJyZXJwb2xpY3k9Im5vLXJlZmVycmVyLXdoZW4tZG93bmdyYWRlIj48L2lmcmFtZT4=[\/vc_raw_html][\/vc_column][\/vc_row][vc_row][vc_column][vc_empty_space height=&#8221;64px&#8221;][\/vc_column][\/vc_row][\/vc_section][mk_page_section bg_image=&#8221;https:\/\/biro.nl\/wp-content\/uploads\/2018\/09\/footer_lease.jpg&#8221; bg_position=&#8221;left center&#8221; bg_stretch=&#8221;true&#8221; bg_gradient=&#8221;left_bottom&#8221; video_color_mask=&#8221;#0a0a0a&#8221; video_opacity=&#8221;0.4&#8243; top_shadow=&#8221;true&#8221; min_height=&#8221;300&#8243; full_width=&#8221;true&#8221; js_vertical_centered=&#8221;true&#8221; sidebar=&#8221;sidebar-1&#8243;][vc_column][mk_fancy_title margin_bottom=&#8221;0&#8243; font_family=&#8221;none&#8221; align=&#8221;center&#8221; el_class=&#8221;text-wit&#8221;]\n<h2>Always dry and on time for your appointment?<br \/>\nLease from as little as \u20ac5 per day, both for business and private use.<\/h2>\n[\/mk_fancy_title][vc_empty_space height=&#8221;25px&#8221;][vc_row_inner][vc_column_inner width=&#8221;1\/3&#8243;][\/vc_column_inner][vc_column_inner width=&#8221;1\/3&#8243;][mk_button dimension=&#8221;flat&#8221; size=&#8221;medium&#8221; url=&#8221;\/lease&#8221; align=&#8221;center&#8221; bg_color=&#8221;#e94933&#8243; btn_hover_bg=&#8221;#e8604e&#8221;]CALCULATE LEASE[\/mk_button][\/vc_column_inner][vc_column_inner width=&#8221;1\/3&#8243;][\/vc_column_inner][\/vc_row_inner][\/vc_column][\/mk_page_section]\n<\/div>","protected":false},"excerpt":{"rendered":"<p>[vc_section][vc_row][vc_column][vc_empty_space height=&#8221;50px&#8221;][\/vc_column][\/vc_row][\/vc_section][vc_section][vc_row fullwidth=&#8221;true&#8221; fullwidth_content=&#8221;false&#8221; css=&#8221;.vc_custom_1532701168345{padding-left: 1% !important;}&#8221;][vc_column el_class=&#8221;header-blok&#8221;][mk_fancy_title tag_name=&#8221;h1&#8243; margin_bottom=&#8221;0&#8243; font_family=&#8221;none&#8221; responsive_align=&#8221;left&#8221;] Bir\u00f2 Haarlem [\/mk_fancy_title][vc_separator color=&#8221;custom&#8221; align=&#8221;align_left&#8221; el_width=&#8221;10&#8243; accent_color=&#8221;#ec3e33&#8243;][vc_column_text css=&#8221;.vc_custom_1580997560644{margin-bottom: 0px !important;}&#8221;]Visit our store for a free test drive or contact us for more information. [\/vc_column_text][vc_empty_space][\/vc_column][\/vc_row][vc_row fullwidth=&#8221;true&#8221; fullwidth_content=&#8221;false&#8221; css=&#8221;.vc_custom_1532701168345{padding-left: 1% !important;}&#8221;][vc_column el_class=&#8221;header-blok&#8221;][vc_empty_space][\/vc_column][\/vc_row][vc_row fullwidth=&#8221;true&#8221; fullwidth_content=&#8221;false&#8221; equal_columns=&#8221;true&#8221;][vc_column width=&#8221;1\/3&#8243;][vc_column_text css=&#8221;.vc_custom_1709737130593{margin-bottom: 0px !important;}&#8221;] Bir\u00f2 Point Haarlem Oosterduinweg 1 Haarlem [&hellip;]<\/p>\n","protected":false},"author":3,"featured_media":0,"parent":0,"menu_order":0,"comment_status":"closed","ping_status":"closed","template":"","meta":{"_improvement_type_select":"improve_an_existing","_thumb_yes_seoaic":false,"_frame_yes_seoaic":false,"seoaic_generate_description":"","seoaic_improve_instructions_prompt":"","seoaic_rollback_content_improvement":"","seoaic_idea_thumbnail_generator":"","thumbnail_generated":false,"thumbnail_generate_prompt":"","seoaic_article_description":"","inline_featured_image":false,"footnotes":""},"class_list":["post-7960","page","type-page","status-publish","hentry"],"yoast_head":"<!-- This site is optimized with the Yoast SEO plugin v27.3 - https:\/\/yoast.com\/product\/yoast-seo-wordpress\/ -->\n<title>Bir\u00f2 Point Haarlem - Bir\u00f2<\/title>\n<meta name=\"description\" content=\"Bir\u00f2 Point Haarlem. Visit our store for a free test drive or contact us for more information.\" \/>\n<meta name=\"robots\" content=\"index, follow, max-snippet:-1, max-image-preview:large, max-video-preview:-1\" \/>\n<link rel=\"canonical\" href=\"https:\/\/biro.nl\/en\/biro-store-haarlem\/\" \/>\n<meta property=\"og:locale\" content=\"en_US\" \/>\n<meta property=\"og:type\" content=\"article\" \/>\n<meta property=\"og:title\" content=\"Bir\u00f2 Point Haarlem - Bir\u00f2\" \/>\n<meta property=\"og:description\" content=\"Bir\u00f2 Point Haarlem. Visit our store for a free test drive or contact us for more information.\" \/>\n<meta property=\"og:url\" content=\"https:\/\/biro.nl\/en\/biro-store-haarlem\/\" \/>\n<meta property=\"og:site_name\" content=\"Bir\u00f2\" \/>\n<meta property=\"article:modified_time\" content=\"2025-02-27T13:43:56+00:00\" \/>\n<meta name=\"twitter:card\" content=\"summary_large_image\" \/>\n<meta name=\"twitter:label1\" content=\"Est. reading time\" \/>\n\t<meta name=\"twitter:data1\" content=\"1 minute\" \/>\n<script type=\"application\/ld+json\" class=\"yoast-schema-graph\">{\"@context\":\"https:\\\/\\\/schema.org\",\"@graph\":[{\"@type\":\"WebPage\",\"@id\":\"https:\\\/\\\/biro.nl\\\/en\\\/biro-store-haarlem\\\/\",\"url\":\"https:\\\/\\\/biro.nl\\\/en\\\/biro-store-haarlem\\\/\",\"name\":\"Bir\u00f2 Point Haarlem - Bir\u00f2\",\"isPartOf\":{\"@id\":\"https:\\\/\\\/biro.nl\\\/en\\\/#website\"},\"datePublished\":\"2024-03-07T11:21:56+00:00\",\"dateModified\":\"2025-02-27T13:43:56+00:00\",\"description\":\"Bir\u00f2 Point Haarlem. Visit our store for a free test drive or contact us for more information.\",\"breadcrumb\":{\"@id\":\"https:\\\/\\\/biro.nl\\\/en\\\/biro-store-haarlem\\\/#breadcrumb\"},\"inLanguage\":\"en-US\",\"potentialAction\":[{\"@type\":\"ReadAction\",\"target\":[\"https:\\\/\\\/biro.nl\\\/en\\\/biro-store-haarlem\\\/\"]}]},{\"@type\":\"BreadcrumbList\",\"@id\":\"https:\\\/\\\/biro.nl\\\/en\\\/biro-store-haarlem\\\/#breadcrumb\",\"itemListElement\":[{\"@type\":\"ListItem\",\"position\":1,\"name\":\"Home\",\"item\":\"https:\\\/\\\/biro.nl\\\/en\\\/\"},{\"@type\":\"ListItem\",\"position\":2,\"name\":\"Bir\u00f2 Point Haarlem\"}]},{\"@type\":\"WebSite\",\"@id\":\"https:\\\/\\\/biro.nl\\\/en\\\/#website\",\"url\":\"https:\\\/\\\/biro.nl\\\/en\\\/\",\"name\":\"Bir\u00f2\",\"description\":\"slim en elektrisch auto rijden\",\"potentialAction\":[{\"@type\":\"SearchAction\",\"target\":{\"@type\":\"EntryPoint\",\"urlTemplate\":\"https:\\\/\\\/biro.nl\\\/en\\\/?s={search_term_string}\"},\"query-input\":{\"@type\":\"PropertyValueSpecification\",\"valueRequired\":true,\"valueName\":\"search_term_string\"}}],\"inLanguage\":\"en-US\"}]}<\/script>\n<!-- \/ Yoast SEO plugin. -->","yoast_head_json":{"title":"Bir\u00f2 Point Haarlem - Bir\u00f2","description":"Bir\u00f2 Point Haarlem. Visit our store for a free test drive or contact us for more information.","robots":{"index":"index","follow":"follow","max-snippet":"max-snippet:-1","max-image-preview":"max-image-preview:large","max-video-preview":"max-video-preview:-1"},"canonical":"https:\/\/biro.nl\/en\/biro-store-haarlem\/","og_locale":"en_US","og_type":"article","og_title":"Bir\u00f2 Point Haarlem - Bir\u00f2","og_description":"Bir\u00f2 Point Haarlem. Visit our store for a free test drive or contact us for more information.","og_url":"https:\/\/biro.nl\/en\/biro-store-haarlem\/","og_site_name":"Bir\u00f2","article_modified_time":"2025-02-27T13:43:56+00:00","twitter_card":"summary_large_image","twitter_misc":{"Est. reading time":"1 minute"},"schema":{"@context":"https:\/\/schema.org","@graph":[{"@type":"WebPage","@id":"https:\/\/biro.nl\/en\/biro-store-haarlem\/","url":"https:\/\/biro.nl\/en\/biro-store-haarlem\/","name":"Bir\u00f2 Point Haarlem - Bir\u00f2","isPartOf":{"@id":"https:\/\/biro.nl\/en\/#website"},"datePublished":"2024-03-07T11:21:56+00:00","dateModified":"2025-02-27T13:43:56+00:00","description":"Bir\u00f2 Point Haarlem. Visit our store for a free test drive or contact us for more information.","breadcrumb":{"@id":"https:\/\/biro.nl\/en\/biro-store-haarlem\/#breadcrumb"},"inLanguage":"en-US","potentialAction":[{"@type":"ReadAction","target":["https:\/\/biro.nl\/en\/biro-store-haarlem\/"]}]},{"@type":"BreadcrumbList","@id":"https:\/\/biro.nl\/en\/biro-store-haarlem\/#breadcrumb","itemListElement":[{"@type":"ListItem","position":1,"name":"Home","item":"https:\/\/biro.nl\/en\/"},{"@type":"ListItem","position":2,"name":"Bir\u00f2 Point Haarlem"}]},{"@type":"WebSite","@id":"https:\/\/biro.nl\/en\/#website","url":"https:\/\/biro.nl\/en\/","name":"Bir\u00f2","description":"slim en elektrisch auto rijden","potentialAction":[{"@type":"SearchAction","target":{"@type":"EntryPoint","urlTemplate":"https:\/\/biro.nl\/en\/?s={search_term_string}"},"query-input":{"@type":"PropertyValueSpecification","valueRequired":true,"valueName":"search_term_string"}}],"inLanguage":"en-US"}]}},"_links":{"self":[{"href":"https:\/\/biro.nl\/en\/wp-json\/wp\/v2\/pages\/7960","targetHints":{"allow":["GET"]}}],"collection":[{"href":"https:\/\/biro.nl\/en\/wp-json\/wp\/v2\/pages"}],"about":[{"href":"https:\/\/biro.nl\/en\/wp-json\/wp\/v2\/types\/page"}],"author":[{"embeddable":true,"href":"https:\/\/biro.nl\/en\/wp-json\/wp\/v2\/users\/3"}],"replies":[{"embeddable":true,"href":"https:\/\/biro.nl\/en\/wp-json\/wp\/v2\/comments?post=7960"}],"version-history":[{"count":8,"href":"https:\/\/biro.nl\/en\/wp-json\/wp\/v2\/pages\/7960\/revisions"}],"predecessor-version":[{"id":9365,"href":"https:\/\/biro.nl\/en\/wp-json\/wp\/v2\/pages\/7960\/revisions\/9365"}],"wp:attachment":[{"href":"https:\/\/biro.nl\/en\/wp-json\/wp\/v2\/media?parent=7960"}],"curies":[{"name":"wp","href":"https:\/\/api.w.org\/{rel}","templated":true}]}}