{"id":4939,"date":"2022-01-14T14:06:13","date_gmt":"2022-01-14T12:06:13","guid":{"rendered":"https:\/\/biro.nl\/models-2\/"},"modified":"2026-01-27T16:16:18","modified_gmt":"2026-01-27T14:16:18","slug":"models","status":"publish","type":"page","link":"https:\/\/biro.nl\/en\/models\/","title":{"rendered":"Models"},"content":{"rendered":"<div class=\"wpb-content-wrapper\">[vc_section][vc_row][vc_column][vc_empty_space height=&#8221;50px&#8221;][\/vc_column][\/vc_row][\/vc_section][vc_section][vc_row fullwidth=&#8221;true&#8221; fullwidth_content=&#8221;false&#8221; css=&#8221;.vc_custom_1538598649521{padding-left: 1% !important;}&#8221;][vc_column el_class=&#8221;header-blok&#8221;][mk_fancy_title tag_name=&#8221;h1&#8243; margin_bottom=&#8221;0&#8243; font_family=&#8221;none&#8221; responsive_align=&#8221;left&#8221;]\n<h2>Be part of the revolution<\/h2>\n[\/mk_fancy_title][vc_separator color=&#8221;custom&#8221; align=&#8221;align_left&#8221; el_width=&#8221;10&#8243; accent_color=&#8221;#ec3e33&#8243;][vc_empty_space][\/vc_column][\/vc_row][\/vc_section][vc_section][vc_row fullwidth=&#8221;true&#8221; fullwidth_content=&#8221;false&#8221; css=&#8221;.vc_custom_1532701849183{padding-left: 1% !important;}&#8221;][vc_column el_class=&#8221;header-blok&#8221;][vc_column_text css=&#8221;.vc_custom_1717418715541{margin-bottom: 0px !important;}&#8221;]Discover the different Bir\u00f2 models and order today. Available from stock.[\/vc_column_text][\/vc_column][\/vc_row][vc_row][vc_column width=&#8221;1\/2&#8243; css=&#8221;.vc_custom_1532702687665{padding-left: 2% !important;}&#8221;][vc_empty_space height=&#8221;25px&#8221;][mk_image src=&#8221;https:\/\/biro.nl\/wp-content\/uploads\/2022\/11\/biro-classic-small-b2211_1.jpg&#8221; image_size=&#8221;full&#8221; link=&#8221;\/model\/biro-classic-small-b2211\/&#8221; align=&#8221;center&#8221; margin_bottom=&#8221;0&#8243;][vc_empty_space height=&#8221;25px&#8221;][mk_fancy_title margin_bottom=&#8221;0&#8243; font_family=&#8221;none&#8221; align=&#8221;center&#8221;]\n<h2>Bir\u00f2 Dressed Small (B2211)<\/h2>\n[\/mk_fancy_title][vc_empty_space height=&#8221;18px&#8221;][vc_column_text align=&#8221;center&#8221; css=&#8221;.vc_custom_1695130319684{margin-bottom: 0px !important;}&#8221;]Bir\u00f2 Dressed Small (B2211) is our newest model. Directly available.[\/vc_column_text][vc_empty_space height=&#8221;25px&#8221;][vc_column_text align=&#8221;center&#8221; css=&#8221;.vc_custom_1736760631846{margin-bottom: 0px !important;}&#8221;]<strong>Starting from \u20ac15.995,- incl. 21% VAT.<br \/>\n<\/strong>[\/vc_column_text][mk_button dimension=&#8221;flat&#8221; size=&#8221;medium&#8221; url=&#8221;\/model\/biro-classic-small-b2211\/&#8221; align=&#8221;center&#8221; margin_bottom=&#8221;0&#8243; margin_right=&#8221;0&#8243; bg_color=&#8221;#000000&#8243; btn_hover_bg=&#8221;#424242&#8243;]MORE INFO[\/mk_button][vc_empty_space height=&#8221;50px&#8221; el_class=&#8221;empty-space-desktop&#8221;][\/vc_column][vc_column width=&#8221;1\/2&#8243; css=&#8221;.vc_custom_1532702677956{padding-right: 2% !important;}&#8221;][vc_empty_space height=&#8221;25px&#8221;][mk_image src=&#8221;https:\/\/biro.nl\/wp-content\/uploads\/2023\/05\/biro-classic-big-b2211_3.jpg&#8221; image_size=&#8221;full&#8221; link=&#8221;\/model\/biro-classic-big-b2211\/&#8221; align=&#8221;center&#8221; margin_bottom=&#8221;0&#8243;][vc_empty_space height=&#8221;25px&#8221;][mk_fancy_title margin_bottom=&#8221;0&#8243; font_family=&#8221;none&#8221; align=&#8221;center&#8221;]\n<h2>Bir\u00f2 Dressed Big (B2211)<\/h2>\n[\/mk_fancy_title][vc_empty_space height=&#8221;18px&#8221;][vc_column_text align=&#8221;center&#8221; css=&#8221;.vc_custom_1695130310206{margin-bottom: 0px !important;}&#8221;]Bir\u00f2 Dressed Big (B2211)\u00a0is our newest model. Directly available.[\/vc_column_text][vc_empty_space height=&#8221;25px&#8221;][vc_column_text align=&#8221;center&#8221; css=&#8221;.vc_custom_1736760637661{margin-bottom: 0px !important;}&#8221;]<strong>Starting from \u20ac16.995,- incl. 21% VAT.<br \/>\n<\/strong>[\/vc_column_text][mk_button dimension=&#8221;flat&#8221; size=&#8221;medium&#8221; url=&#8221;\/model\/biro-classic-big-b2211\/&#8221; align=&#8221;center&#8221; margin_bottom=&#8221;0&#8243; margin_right=&#8221;0&#8243; bg_color=&#8221;#000000&#8243; btn_hover_bg=&#8221;#424242&#8243;]MORE INFO[\/mk_button][vc_empty_space height=&#8221;50px&#8221; el_class=&#8221;empty-space-desktop&#8221;][\/vc_column][\/vc_row][vc_row visibility=&#8221;hidden-sm&#8221;][vc_column][vc_empty_space height=&#8221;100px&#8221;][\/vc_column][\/vc_row][vc_row disable_element=&#8221;yes&#8221;][vc_column width=&#8221;1\/2&#8243; css=&#8221;.vc_custom_1532702687665{padding-left: 2% !important;}&#8221;][mk_image src=&#8221;https:\/\/biro.nl\/wp-content\/uploads\/2018\/09\/biro-black-urban-big-zijkant-rechts.jpg&#8221; image_size=&#8221;full&#8221; link=&#8221;\/model\/biro-sets\/#big-set&#8221; align=&#8221;center&#8221; margin_bottom=&#8221;0&#8243;][mk_fancy_title margin_bottom=&#8221;0&#8243; font_family=&#8221;none&#8221; align=&#8221;center&#8221;]\n<h2>Bir\u00f2 Big Set<\/h2>\n[\/mk_fancy_title][vc_empty_space height=&#8221;18px&#8221;][vc_column_text align=&#8221;center&#8221; css=&#8221;.vc_custom_1538563183993{margin-bottom: 0px !important;}&#8221;]Add a transparent boot at the back of your Bir\u00f2. Ideal if you want to bring some extra luggage with you. Bir\u00f2 Big Set is available for both the Bir\u00f2 Urban and Bir\u00f2 Limited Edition.[\/vc_column_text][vc_column_text align=&#8221;center&#8221; css=&#8221;.vc_custom_1694524814265{margin-bottom: 0px !important;}&#8221;]<strong>Vanaf \u20ac15.495,- incl. 21% btw<br \/>\n<\/strong>[\/vc_column_text][vc_row_inner][vc_column_inner][mk_button dimension=&#8221;flat&#8221; size=&#8221;medium&#8221; url=&#8221;\/model\/biro-sets\/#big-set&#8221; align=&#8221;center&#8221; margin_bottom=&#8221;0&#8243; margin_right=&#8221;0&#8243; bg_color=&#8221;#000000&#8243; btn_hover_bg=&#8221;#424242&#8243;]MORE INFO[\/mk_button][\/vc_column_inner][\/vc_row_inner][vc_empty_space height=&#8221;75px&#8221; el_class=&#8221;empty-space-desktop&#8221;][\/vc_column][vc_column width=&#8221;1\/2&#8243; css=&#8221;.vc_custom_1532702677956{padding-right: 2% !important;}&#8221;][mk_image src=&#8221;https:\/\/biro.nl\/wp-content\/uploads\/2018\/09\/biro-winter-box-oranje-3-4-achterkant-links-open.jpg&#8221; image_size=&#8221;full&#8221; link=&#8221;\/model\/biro-sets\/#box-set&#8221; align=&#8221;center&#8221; margin_bottom=&#8221;0&#8243;][mk_fancy_title margin_bottom=&#8221;0&#8243; font_family=&#8221;none&#8221; align=&#8221;center&#8221;]\n<h2>Bir\u00f2 Box Set<\/h2>\n[\/mk_fancy_title][vc_empty_space height=&#8221;18px&#8221;][vc_column_text align=&#8221;center&#8221; css=&#8221;.vc_custom_1694525200899{margin-bottom: 0px !important;}&#8221;]Voorzie je Bir\u00f2 van een extra gesloten laadruimte aan de achterzijde. Ideaal voor transport van kleine goederen in de stad. Bir\u00f2 Box Set is verkrijgbaar op de Bir\u00f2 Big (B2211).[\/vc_column_text][vc_column_text align=&#8221;center&#8221; css=&#8221;.vc_custom_1694524861404{margin-bottom: 0px !important;}&#8221;]<strong>Vanaf \u20ac16.995,- incl. 21% btw<br \/>\n<\/strong>[\/vc_column_text][vc_row_inner][vc_column_inner][mk_button dimension=&#8221;flat&#8221; size=&#8221;medium&#8221; url=&#8221;\/model\/biro-sets\/#box-set&#8221; align=&#8221;center&#8221; margin_bottom=&#8221;0&#8243; margin_right=&#8221;0&#8243; bg_color=&#8221;#000000&#8243; btn_hover_bg=&#8221;#424242&#8243;]MORE INFO[\/mk_button][\/vc_column_inner][\/vc_row_inner][\/vc_column][\/vc_row][vc_row visibility=&#8221;hidden-sm&#8221; disable_element=&#8221;yes&#8221;][vc_column][vc_empty_space height=&#8221;100px&#8221;][\/vc_column][\/vc_row][vc_row visibility=&#8221;visible-sm&#8221; disable_element=&#8221;yes&#8221;][vc_column][vc_empty_space height=&#8221;50px&#8221;][\/vc_column][\/vc_row][vc_row disable_element=&#8221;yes&#8221;][vc_column width=&#8221;1\/2&#8243; css=&#8221;.vc_custom_1532702677956{padding-right: 2% !important;}&#8221;][mk_image src=&#8221;https:\/\/biro.nl\/wp-content\/uploads\/2018\/09\/biro-winter-bolt-box-voorkant.jpg&#8221; image_size=&#8221;full&#8221; link=&#8221;\/model\/biro-sets#bolt-set&#8221; align=&#8221;center&#8221; margin_bottom=&#8221;0&#8243;][mk_fancy_title margin_bottom=&#8221;0&#8243; font_family=&#8221;none&#8221; align=&#8221;center&#8221;]\n<h2>Bir\u00f2 Bolt Set<\/h2>\n[\/mk_fancy_title][vc_empty_space height=&#8221;18px&#8221;][vc_column_text align=&#8221;center&#8221; css=&#8221;.vc_custom_1694525153198{margin-bottom: 0px !important;}&#8221;]Behoefte aan meer snelheid? Met een topsnelheid van 60 km\/u ook buiten de drukke stad snel van A naar B. Bir\u00f2 Bolt Set is verkrijgbaar op zowel Bir\u00f2 Small als Bir\u00f2 Big (B2211).[\/vc_column_text][vc_column_text align=&#8221;center&#8221; css=&#8221;.vc_custom_1694525127156{margin-bottom: 0px !important;}&#8221;]<strong>Vanaf \u20ac16.995,- incl. 21% btw<br \/>\n<\/strong>[\/vc_column_text][vc_row_inner][vc_column_inner][mk_button dimension=&#8221;flat&#8221; size=&#8221;medium&#8221; url=&#8221;\/model\/biro-sets#bolt-set&#8221; align=&#8221;center&#8221; margin_bottom=&#8221;0&#8243; margin_right=&#8221;0&#8243; bg_color=&#8221;#000000&#8243; btn_hover_bg=&#8221;#424242&#8243;]MORE INFO[\/mk_button][\/vc_column_inner][\/vc_row_inner][vc_empty_space height=&#8221;60px&#8221; el_class=&#8221;empty-space-desktop&#8221;][\/vc_column][vc_column width=&#8221;1\/2&#8243; css=&#8221;.vc_custom_1532702687665{padding-left: 2% !important;}&#8221;][mk_image src=&#8221;\/wp-content\/uploads\/2018\/09\/biro-urban-zijkant-rechts.jpg&#8221; image_size=&#8221;full&#8221; link=&#8221;\/occasions\/&#8221; align=&#8221;center&#8221; margin_bottom=&#8221;0&#8243;][mk_fancy_title margin_bottom=&#8221;0&#8243; font_family=&#8221;none&#8221; align=&#8221;center&#8221;]\n<h2>Occasions<\/h2>\n[\/mk_fancy_title][vc_empty_space height=&#8221;18px&#8221;][vc_column_text align=&#8221;center&#8221; css=&#8221;.vc_custom_1584473076747{margin-bottom: 0px !important;}&#8221;]View our occasions here. All Bir\u00f2 are serviced and ready for delivery.<\/p>\n[\/vc_column_text][vc_column_text align=&#8221;center&#8221; css=&#8221;.vc_custom_1584473128333{margin-bottom: 0px !important;}&#8221;]<strong>View our occasions here.<\/strong>[\/vc_column_text][vc_row_inner][vc_column_inner][mk_button dimension=&#8221;flat&#8221; size=&#8221;medium&#8221; url=&#8221;\/occasions\/&#8221; align=&#8221;center&#8221; margin_bottom=&#8221;0&#8243; margin_right=&#8221;0&#8243; bg_color=&#8221;#000000&#8243; btn_hover_bg=&#8221;#424242&#8243;]MORE INFO[\/mk_button][\/vc_column_inner][\/vc_row_inner][\/vc_column][\/vc_row][vc_row][vc_column][vc_empty_space height=&#8221;65px&#8221;][vc_column_text align=&#8221;center&#8221; css=&#8221;.vc_custom_1591177501625{margin-bottom: 0px !important;}&#8221;]* Indicative rate based on a 60-months contract term, VAT down payment and \u20ac1.000,- final term. Inquire about the possibilities. Caution! Borrowing money costs money.[\/vc_column_text][\/vc_column][\/vc_row][\/vc_section][vc_section][vc_row][vc_column][vc_empty_space height=&#8221;65px&#8221;][\/vc_column][\/vc_row][vc_row][vc_column width=&#8221;1\/4&#8243;][\/vc_column][vc_column width=&#8221;1\/2&#8243;][mk_fancy_title margin_bottom=&#8221;0&#8243; font_family=&#8221;none&#8221; align=&#8221;center&#8221;]\n<h2>Our availibility in occasion<\/h2>\n[\/mk_fancy_title][vc_separator color=&#8221;custom&#8221; el_width=&#8221;20&#8243; accent_color=&#8221;#ec3e33&#8243;][mk_button dimension=&#8221;flat&#8221; size=&#8221;medium&#8221; url=&#8221;\/occasions&#8221; align=&#8221;center&#8221; margin_bottom=&#8221;0&#8243; margin_right=&#8221;0&#8243; bg_color=&#8221;#000000&#8243; btn_hover_bg=&#8221;#424242&#8243;]OCCASIONS[\/mk_button][\/vc_column][vc_column width=&#8221;1\/4&#8243;][\/vc_column][\/vc_row][vc_row][vc_column][vc_empty_space height=&#8221;64px&#8221;][\/vc_column][\/vc_row][\/vc_section][mk_page_section bg_image=&#8221;https:\/\/biro.nl\/wp-content\/uploads\/2018\/09\/footer_proefrit.jpg&#8221; bg_position=&#8221;left center&#8221; bg_stretch=&#8221;true&#8221; bg_gradient=&#8221;left_bottom&#8221; video_color_mask=&#8221;#0a0a0a&#8221; video_opacity=&#8221;0.4&#8243; top_shadow=&#8221;true&#8221; min_height=&#8221;300&#8243; full_width=&#8221;true&#8221; js_vertical_centered=&#8221;true&#8221; sidebar=&#8221;sidebar-1&#8243;][vc_column][mk_fancy_title margin_bottom=&#8221;0&#8243; font_family=&#8221;none&#8221; align=&#8221;center&#8221; el_class=&#8221;text-wit&#8221;]\n<h2>Do you want to try the Bir\u00f2?<br \/>\nPlease call us for a free testdrive.<\/h2>\n[\/mk_fancy_title][vc_empty_space height=&#8221;20px&#8221;][vc_row_inner][vc_column_inner width=&#8221;1\/3&#8243;][\/vc_column_inner][vc_column_inner width=&#8221;1\/3&#8243;][mk_button dimension=&#8221;flat&#8221; size=&#8221;medium&#8221; url=&#8221;\/afspraak-maken\/&#8221; align=&#8221;center&#8221; bg_color=&#8221;#e94933&#8243; btn_hover_bg=&#8221;#e86858&#8243;]REQUEST TEST DRIVE[\/mk_button][\/vc_column_inner][vc_column_inner width=&#8221;1\/3&#8243;][\/vc_column_inner][\/vc_row_inner][\/vc_column][\/mk_page_section]\n<\/div>","protected":false},"excerpt":{"rendered":"<p>[vc_section][vc_row][vc_column][vc_empty_space height=&#8221;50px&#8221;][\/vc_column][\/vc_row][\/vc_section][vc_section][vc_row fullwidth=&#8221;true&#8221; fullwidth_content=&#8221;false&#8221; css=&#8221;.vc_custom_1538598649521{padding-left: 1% !important;}&#8221;][vc_column el_class=&#8221;header-blok&#8221;][mk_fancy_title tag_name=&#8221;h1&#8243; margin_bottom=&#8221;0&#8243; font_family=&#8221;none&#8221; responsive_align=&#8221;left&#8221;] Be part of the revolution [\/mk_fancy_title][vc_separator color=&#8221;custom&#8221; align=&#8221;align_left&#8221; el_width=&#8221;10&#8243; accent_color=&#8221;#ec3e33&#8243;][vc_empty_space][\/vc_column][\/vc_row][\/vc_section][vc_section][vc_row fullwidth=&#8221;true&#8221; fullwidth_content=&#8221;false&#8221; css=&#8221;.vc_custom_1532701849183{padding-left: 1% !important;}&#8221;][vc_column el_class=&#8221;header-blok&#8221;][vc_column_text css=&#8221;.vc_custom_1717418715541{margin-bottom: 0px !important;}&#8221;]Discover the different Bir\u00f2 models and order today. Available from stock.[\/vc_column_text][\/vc_column][\/vc_row][vc_row][vc_column width=&#8221;1\/2&#8243; css=&#8221;.vc_custom_1532702687665{padding-left: 2% !important;}&#8221;][vc_empty_space height=&#8221;25px&#8221;][mk_image src=&#8221;https:\/\/biro.nl\/wp-content\/uploads\/2022\/11\/biro-classic-small-b2211_1.jpg&#8221; image_size=&#8221;full&#8221; link=&#8221;\/model\/biro-classic-small-b2211\/&#8221; align=&#8221;center&#8221; margin_bottom=&#8221;0&#8243;][vc_empty_space height=&#8221;25px&#8221;][mk_fancy_title margin_bottom=&#8221;0&#8243; font_family=&#8221;none&#8221; align=&#8221;center&#8221;] [&hellip;]<\/p>\n","protected":false},"author":1,"featured_media":0,"parent":0,"menu_order":0,"comment_status":"closed","ping_status":"closed","template":"","meta":{"_improvement_type_select":"improve_an_existing","_thumb_yes_seoaic":false,"_frame_yes_seoaic":false,"seoaic_generate_description":"","seoaic_improve_instructions_prompt":"","seoaic_rollback_content_improvement":"","seoaic_idea_thumbnail_generator":"","thumbnail_generated":false,"thumbnail_generate_prompt":"","seoaic_article_description":"","inline_featured_image":false,"_monsterinsights_skip_tracking":false,"_monsterinsights_sitenote_active":false,"_monsterinsights_sitenote_note":"","_monsterinsights_sitenote_category":0,"footnotes":""},"class_list":["post-4939","page","type-page","status-publish","hentry"],"yoast_head":"<!-- This site is optimized with the Yoast SEO plugin v26.7 - https:\/\/yoast.com\/wordpress\/plugins\/seo\/ -->\n<title>Bir\u00f2 | Models<\/title>\n<meta name=\"description\" content=\"Discover the different Bir\u00f2 models and also opt for smart and sustainable mobility. Move cleanly, flexibly and quickly through the busy city traffic.\" \/>\n<meta name=\"robots\" content=\"index, follow, max-snippet:-1, max-image-preview:large, max-video-preview:-1\" \/>\n<link rel=\"canonical\" href=\"https:\/\/biro.nl\/en\/models\/\" \/>\n<meta property=\"og:locale\" content=\"en_US\" \/>\n<meta property=\"og:type\" content=\"article\" \/>\n<meta property=\"og:title\" content=\"Bir\u00f2 | Models\" \/>\n<meta property=\"og:description\" content=\"Discover the different Bir\u00f2 models and also opt for smart and sustainable mobility. Move cleanly, flexibly and quickly through the busy city traffic.\" \/>\n<meta property=\"og:url\" content=\"https:\/\/biro.nl\/en\/models\/\" \/>\n<meta property=\"og:site_name\" content=\"Bir\u00f2\" \/>\n<meta property=\"article:modified_time\" content=\"2026-01-27T14:16:18+00:00\" \/>\n<meta property=\"og:image\" content=\"https:\/\/biro.nl\/wp-content\/uploads\/2018\/07\/proefrit_02.jpg\" \/>\n<meta name=\"twitter:card\" content=\"summary_large_image\" \/>\n<meta name=\"twitter:title\" content=\"Bir\u00f2 | Models\" \/>\n<meta name=\"twitter:description\" content=\"Discover the different Bir\u00f2 models and also opt for smart and sustainable mobility. Move cleanly, flexibly and quickly through the busy city traffic.\" \/>\n<meta name=\"twitter:image\" content=\"https:\/\/biro.nl\/wp-content\/uploads\/2018\/07\/proefrit_02.jpg\" \/>\n<meta name=\"twitter:label1\" content=\"Est. reading time\" \/>\n\t<meta name=\"twitter:data1\" content=\"3 minutes\" \/>\n<script type=\"application\/ld+json\" class=\"yoast-schema-graph\">{\"@context\":\"https:\/\/schema.org\",\"@graph\":[{\"@type\":\"WebPage\",\"@id\":\"https:\/\/biro.nl\/en\/models\/\",\"url\":\"https:\/\/biro.nl\/en\/models\/\",\"name\":\"Bir\u00f2 | Models\",\"isPartOf\":{\"@id\":\"https:\/\/biro.nl\/en\/#website\"},\"datePublished\":\"2022-01-14T12:06:13+00:00\",\"dateModified\":\"2026-01-27T14:16:18+00:00\",\"description\":\"Discover the different Bir\u00f2 models and also opt for smart and sustainable mobility. Move cleanly, flexibly and quickly through the busy city traffic.\",\"breadcrumb\":{\"@id\":\"https:\/\/biro.nl\/en\/models\/#breadcrumb\"},\"inLanguage\":\"en-US\",\"potentialAction\":[{\"@type\":\"ReadAction\",\"target\":[\"https:\/\/biro.nl\/en\/models\/\"]}]},{\"@type\":\"BreadcrumbList\",\"@id\":\"https:\/\/biro.nl\/en\/models\/#breadcrumb\",\"itemListElement\":[{\"@type\":\"ListItem\",\"position\":1,\"name\":\"Home\",\"item\":\"https:\/\/biro.nl\/en\/\"},{\"@type\":\"ListItem\",\"position\":2,\"name\":\"Models\"}]},{\"@type\":\"WebSite\",\"@id\":\"https:\/\/biro.nl\/en\/#website\",\"url\":\"https:\/\/biro.nl\/en\/\",\"name\":\"Bir\u00f2\",\"description\":\"slim en elektrisch auto rijden\",\"potentialAction\":[{\"@type\":\"SearchAction\",\"target\":{\"@type\":\"EntryPoint\",\"urlTemplate\":\"https:\/\/biro.nl\/en\/?s={search_term_string}\"},\"query-input\":{\"@type\":\"PropertyValueSpecification\",\"valueRequired\":true,\"valueName\":\"search_term_string\"}}],\"inLanguage\":\"en-US\"}]}<\/script>\n<!-- \/ Yoast SEO plugin. -->","yoast_head_json":{"title":"Bir\u00f2 | Models","description":"Discover the different Bir\u00f2 models and also opt for smart and sustainable mobility. Move cleanly, flexibly and quickly through the busy city traffic.","robots":{"index":"index","follow":"follow","max-snippet":"max-snippet:-1","max-image-preview":"max-image-preview:large","max-video-preview":"max-video-preview:-1"},"canonical":"https:\/\/biro.nl\/en\/models\/","og_locale":"en_US","og_type":"article","og_title":"Bir\u00f2 | Models","og_description":"Discover the different Bir\u00f2 models and also opt for smart and sustainable mobility. Move cleanly, flexibly and quickly through the busy city traffic.","og_url":"https:\/\/biro.nl\/en\/models\/","og_site_name":"Bir\u00f2","article_modified_time":"2026-01-27T14:16:18+00:00","og_image":[{"url":"https:\/\/biro.nl\/wp-content\/uploads\/2018\/07\/proefrit_02.jpg","type":"","width":"","height":""}],"twitter_card":"summary_large_image","twitter_title":"Bir\u00f2 | Models","twitter_description":"Discover the different Bir\u00f2 models and also opt for smart and sustainable mobility. Move cleanly, flexibly and quickly through the busy city traffic.","twitter_image":"https:\/\/biro.nl\/wp-content\/uploads\/2018\/07\/proefrit_02.jpg","twitter_misc":{"Est. reading time":"3 minutes"},"schema":{"@context":"https:\/\/schema.org","@graph":[{"@type":"WebPage","@id":"https:\/\/biro.nl\/en\/models\/","url":"https:\/\/biro.nl\/en\/models\/","name":"Bir\u00f2 | Models","isPartOf":{"@id":"https:\/\/biro.nl\/en\/#website"},"datePublished":"2022-01-14T12:06:13+00:00","dateModified":"2026-01-27T14:16:18+00:00","description":"Discover the different Bir\u00f2 models and also opt for smart and sustainable mobility. Move cleanly, flexibly and quickly through the busy city traffic.","breadcrumb":{"@id":"https:\/\/biro.nl\/en\/models\/#breadcrumb"},"inLanguage":"en-US","potentialAction":[{"@type":"ReadAction","target":["https:\/\/biro.nl\/en\/models\/"]}]},{"@type":"BreadcrumbList","@id":"https:\/\/biro.nl\/en\/models\/#breadcrumb","itemListElement":[{"@type":"ListItem","position":1,"name":"Home","item":"https:\/\/biro.nl\/en\/"},{"@type":"ListItem","position":2,"name":"Models"}]},{"@type":"WebSite","@id":"https:\/\/biro.nl\/en\/#website","url":"https:\/\/biro.nl\/en\/","name":"Bir\u00f2","description":"slim en elektrisch auto rijden","potentialAction":[{"@type":"SearchAction","target":{"@type":"EntryPoint","urlTemplate":"https:\/\/biro.nl\/en\/?s={search_term_string}"},"query-input":{"@type":"PropertyValueSpecification","valueRequired":true,"valueName":"search_term_string"}}],"inLanguage":"en-US"}]}},"_links":{"self":[{"href":"https:\/\/biro.nl\/en\/wp-json\/wp\/v2\/pages\/4939","targetHints":{"allow":["GET"]}}],"collection":[{"href":"https:\/\/biro.nl\/en\/wp-json\/wp\/v2\/pages"}],"about":[{"href":"https:\/\/biro.nl\/en\/wp-json\/wp\/v2\/types\/page"}],"author":[{"embeddable":true,"href":"https:\/\/biro.nl\/en\/wp-json\/wp\/v2\/users\/1"}],"replies":[{"embeddable":true,"href":"https:\/\/biro.nl\/en\/wp-json\/wp\/v2\/comments?post=4939"}],"version-history":[{"count":10,"href":"https:\/\/biro.nl\/en\/wp-json\/wp\/v2\/pages\/4939\/revisions"}],"predecessor-version":[{"id":10611,"href":"https:\/\/biro.nl\/en\/wp-json\/wp\/v2\/pages\/4939\/revisions\/10611"}],"wp:attachment":[{"href":"https:\/\/biro.nl\/en\/wp-json\/wp\/v2\/media?parent=4939"}],"curies":[{"name":"wp","href":"https:\/\/api.w.org\/{rel}","templated":true}]}}