{"id":1737,"date":"2019-02-05T00:25:46","date_gmt":"2019-02-04T22:25:46","guid":{"rendered":"https:\/\/biro.nl\/faqs\/service\/"},"modified":"2020-02-01T14:29:47","modified_gmt":"2020-02-01T12:29:47","slug":"service","status":"publish","type":"page","link":"https:\/\/biro.nl\/en\/faqs\/service\/","title":{"rendered":"Service"},"content":{"rendered":"<div class=\"wpb-content-wrapper\">[vc_section][vc_row][vc_column][vc_empty_space height=&#8221;50px&#8221;][\/vc_column][\/vc_row][\/vc_section][vc_section][vc_row fullwidth=&#8221;true&#8221; fullwidth_content=&#8221;false&#8221; css=&#8221;.vc_custom_1532701168345{padding-left: 1% !important;}&#8221;][vc_column el_class=&#8221;header-blok&#8221;][mk_fancy_title tag_name=&#8221;h1&#8243; margin_bottom=&#8221;0&#8243; font_family=&#8221;none&#8221; responsive_align=&#8221;left&#8221;]\n<h2>FAQs &#8211; Service &amp; Maintenance<\/h2>\n[\/mk_fancy_title][vc_separator color=&#8221;custom&#8221; align=&#8221;align_left&#8221; el_width=&#8221;10&#8243; accent_color=&#8221;#ec3e33&#8243;][vc_empty_space][\/vc_column][\/vc_row][\/vc_section][vc_section full_width=&#8221;stretch_row&#8221;][vc_row fullwidth=&#8221;true&#8221; fullwidth_content=&#8221;false&#8221; css=&#8221;.vc_custom_1532701849183{padding-left: 1% !important;}&#8221;][vc_column][vc_tabs orientation=&#8221;vertical&#8221; el_class=&#8221;faq-list&#8221;][vc_tab title=&#8221;How often does my Bir\u00f2 require a service?&#8221; tab_id=&#8221;1540389213-1-51&#8243;][vc_column_text css=&#8221;.vc_custom_1580560132335{margin-bottom: 0px !important;}&#8221;]<span style=\"font-weight: 400;\">Regular maintenance keeps your Bir\u00f2 in perfect condition and ensures long-lasting driving pleasure. We recommend that bring it in for a service every 2,500 km or 2x per year. This way your safety is guaranteed in the best way possible. View our maintenance packages <\/span><a href=\"https:\/\/biro.nl\/en\/service\/\"><span style=\"font-weight: 400;\">here<\/span><\/a><span style=\"font-weight: 400;\">. <\/span>[\/vc_column_text][\/vc_tab][vc_tab title=&#8221;What gets checked during a service on my Bir\u00f2?&#8221; tab_id=&#8221;1540389213-2-34&#8243;][vc_column_text css=&#8221;.vc_custom_1538350030841{margin-bottom: 0px !important;}&#8221;]<span style=\"font-weight: 400;\">During our service we check your Bir\u00f2 on a fixed number of points, so that you can drive away safely and carefree afterwards. Look <\/span><a href=\"https:\/\/biro.nl\/en\/service\/\"><span style=\"font-weight: 400;\">here<\/span><\/a><span style=\"font-weight: 400;\"> for an overview of the checks we carry out. <\/span>[\/vc_column_text][\/vc_tab][vc_tab title=&#8221;What are the costs of a maintenance service?&#8221; tab_id=&#8221;1540389376629-2-9&#8243;][vc_column_text css=&#8221;.vc_custom_1538350072521{margin-bottom: 0px !important;}&#8221;]We have various maintenance packages. Look <a href=\"https:\/\/biro.nl\/en\/service\/\">here<\/a> for an overview of the various options and prices.[\/vc_column_text][\/vc_tab][vc_tab title=&#8221;My Bir\u00f2 is damaged?&#8221; tab_id=&#8221;1540389395169-3-0&#8243;][vc_column_text css=&#8221;.vc_custom_1538350116848{margin-bottom: 0px !important;}&#8221;]We can best assess the damage on the basis of photos. Send the photos of the damage including a short description to <a href=\"mailto:service@biro.nl\">service@biro.nl<\/a>. We will then contact you as soon as possible.[\/vc_column_text][\/vc_tab][vc_tab title=&#8221;I&#8217;ve been involved in a collision with my Bir\u00f2?&#8221; tab_id=&#8221;1540389417646-4-2&#8243;][vc_column_text css=&#8221;.vc_custom_1538350168924{margin-bottom: 0px !important;}&#8221;]If possible, park your Bir\u00f2 in a safe place and <a href=\"https:\/\/biro.nl\/en\/contact\/\">contact<\/a> us immediately.<br \/>\nSend the location with photos to <a href=\"mailto:service@biro.nl\">service@biro.nl<\/a>. We will then contact you as soon as possible.[\/vc_column_text][\/vc_tab][vc_tab title=&#8221;My Bir\u00f2 has problems starting?&#8221; tab_id=&#8221;1540389439403-5-10&#8243;][vc_column_text css=&#8221;.vc_custom_1538350231890{margin-bottom: 0px !important;}&#8221;]There are a number of things that you can check straightaway: 1) is my Bir\u00f2 still connected to the charger? 2) when I go to charge the Bir\u00f2 does the BAT battery charger-symbol appear on the display or does it display only numbers? 3) does the Bir\u00f2 display light up when activated using the card system or when the key is turned in the ignition? 4) when there is a (VCU ERROR) in the display, we ask you to take a picture. You can send the above information to <a href=\"mailto:service@biro.nl\">service@biro.nl<\/a>. We will then contact you as soon as possible.[\/vc_column_text][\/vc_tab][vc_tab title=&#8221;My Bir\u00f2 keeps shutting down, what should I do?&#8221; tab_id=&#8221;1540389456393-6-10&#8243;][vc_column_text css=&#8221;.vc_custom_1538350287543{margin-bottom: 0px !important;}&#8221;]These two points can be checked straightaway: 1) If the battery percentage is below 15%, find a place to recharge immediately. Then charge the Bir\u00f2 at least 12 hours at home to balance the cells in the battery. 2) An ERROR is shown in the display, take a picture of it and send it to <a href=\"mailto:service@biro.nl\">service@biro.nl<\/a>.[\/vc_column_text][\/vc_tab][vc_tab title=&#8221;My Bir\u00f2 has broken down. Who can I contact?&#8221; tab_id=&#8221;1540389472501-7-10&#8243;][vc_column_text css=&#8221;.vc_custom_1538350362221{margin-bottom: 0px !important;}&#8221;]In the event that it breaks down or has any damage <a href=\"https:\/\/biro.nl\/en\/contact\/\">Contact<\/a> us. Make sure you have the serial number of your Bir\u00f2 and any error message(s) at hand.[\/vc_column_text][\/vc_tab][vc_tab title=&#8221;Where is the service location?&#8221; tab_id=&#8221;1540389488936-8-9&#8243;][vc_column_text css=&#8221;.vc_custom_1580560181389{margin-bottom: 0px !important;}&#8221;]Our service location is located at Vliegtuigstraat 22 in Amsterdam.[\/vc_column_text][\/vc_tab][vc_tab title=&#8221;Can I have repairs carried out by a third party?&#8221; tab_id=&#8221;1540389514633-9-1&#8243;][vc_column_text css=&#8221;.vc_custom_1538350420238{margin-bottom: 0px !important;}&#8221;]Of course, you can have repairs and maintenance carried out by a third party. Keep in mind that any warranty will be cancelled out immediately. Even if any technical modifications are made, any warranty will be rendered null and void.[\/vc_column_text][\/vc_tab][vc_tab title=&#8221;Where can I find the user manual?&#8221; tab_id=&#8221;1540389528142-10-6&#8243;][vc_column_text css=&#8221;.vc_custom_1538350470887{margin-bottom: 0px !important;}&#8221;]You can download our user manual\u00a0<a href=\"https:\/\/biro.devcode.nl\/wp-content\/uploads\/2018\/09\/use_and_maintenance_manual_03.01_22_06_2016_eng_lr.pdf\" target=\"_blank\" rel=\"noopener noreferrer\">here<\/a>.[\/vc_column_text][\/vc_tab][\/vc_tabs][\/vc_column][\/vc_row][vc_row][vc_column][vc_empty_space height=&#8221;45px&#8221;][\/vc_column][\/vc_row][vc_row fullwidth=&#8221;true&#8221; fullwidth_content=&#8221;false&#8221;][vc_column width=&#8221;1\/4&#8243;][mk_button dimension=&#8221;flat&#8221; size=&#8221;medium&#8221; url=&#8221;\/en\/faqs\/&#8221; fullwidth=&#8221;true&#8221; bg_color=&#8221;#000000&#8243; btn_hover_bg=&#8221;#54545454&#8243;]OVERVIEW[\/mk_button][\/vc_column][vc_column width=&#8221;1\/4&#8243;][mk_button dimension=&#8221;flat&#8221; size=&#8221;medium&#8221; url=&#8221;\/en\/faqs\/general\/&#8221; fullwidth=&#8221;true&#8221; bg_color=&#8221;#000000&#8243; btn_hover_bg=&#8221;#54545454&#8243;]GENERAL[\/mk_button][\/vc_column][vc_column width=&#8221;1\/4&#8243;][mk_button dimension=&#8221;flat&#8221; size=&#8221;medium&#8221; url=&#8221;\/en\/faqs\/models\/&#8221; fullwidth=&#8221;true&#8221; bg_color=&#8221;#000000&#8243; btn_hover_bg=&#8221;#54545454&#8243;]MODELS[\/mk_button][\/vc_column][vc_column width=&#8221;1\/4&#8243;][mk_button dimension=&#8221;flat&#8221; size=&#8221;medium&#8221; url=&#8221;\/en\/faqs\/technical\/&#8221; fullwidth=&#8221;true&#8221; bg_color=&#8221;#000000&#8243; btn_hover_bg=&#8221;#54545454&#8243;]TECHNICAL[\/mk_button][\/vc_column][\/vc_row][vc_row fullwidth=&#8221;true&#8221; fullwidth_content=&#8221;false&#8221;][vc_column width=&#8221;1\/4&#8243;][mk_button dimension=&#8221;flat&#8221; size=&#8221;medium&#8221; url=&#8221;\/en\/faqs\/insurance\/&#8221; fullwidth=&#8221;true&#8221; bg_color=&#8221;#000000&#8243; btn_hover_bg=&#8221;#54545454&#8243;]INSURANCE[\/mk_button][\/vc_column][vc_column width=&#8221;1\/4&#8243;][mk_button dimension=&#8221;flat&#8221; size=&#8221;medium&#8221; url=&#8221;\/en\/faqs\/occasions\/&#8221; fullwidth=&#8221;true&#8221; bg_color=&#8221;#000000&#8243; btn_hover_bg=&#8221;#54545454&#8243;]OCCASIONS[\/mk_button][\/vc_column][vc_column width=&#8221;1\/4&#8243;][mk_button dimension=&#8221;flat&#8221; size=&#8221;medium&#8221; url=&#8221;\/en\/faqs\/lease\/&#8221; fullwidth=&#8221;true&#8221; bg_color=&#8221;#000000&#8243; btn_hover_bg=&#8221;#54545454&#8243;]LEASE[\/mk_button][\/vc_column][vc_column width=&#8221;1\/4&#8243;][\/vc_column][\/vc_row][vc_row][vc_column][vc_empty_space height=&#8221;45px&#8221;][\/vc_column][\/vc_row][\/vc_section][mk_page_section bg_image=&#8221;https:\/\/biro.devcode.nl\/wp-content\/uploads\/2018\/10\/footer_contact.jpg&#8221; bg_position=&#8221;left center&#8221; bg_stretch=&#8221;true&#8221; bg_gradient=&#8221;left_bottom&#8221; video_color_mask=&#8221;#0a0a0a&#8221; video_opacity=&#8221;0.4&#8243; top_shadow=&#8221;true&#8221; min_height=&#8221;300&#8243; full_width=&#8221;true&#8221; js_vertical_centered=&#8221;true&#8221; sidebar=&#8221;sidebar-1&#8243;][vc_column][mk_fancy_title margin_bottom=&#8221;0&#8243; font_family=&#8221;none&#8221; align=&#8221;center&#8221; visibility=&#8221;hidden-sm&#8221; el_class=&#8221;text-wit&#8221;]\n<h2>Couldn&#8217;t find the answer to your question and you&#8217;d like more information?<br \/>\nGet in touch with us. We&#8217;re happy to help you.<\/h2>\n[\/mk_fancy_title][mk_fancy_title margin_bottom=&#8221;0&#8243; font_family=&#8221;none&#8221; align=&#8221;center&#8221; visibility=&#8221;visible-sm&#8221; el_class=&#8221;text-wit&#8221;]\n<h2>Couldn&#8217;t find the answer to your question<br \/>\nand you&#8217;d like more information?<br \/>\nGet in touch with us. We&#8217;re happy to help you.<\/h2>\n[\/mk_fancy_title][vc_empty_space height=&#8221;25px&#8221;][vc_row_inner][vc_column_inner width=&#8221;1\/3&#8243;][\/vc_column_inner][vc_column_inner width=&#8221;1\/3&#8243;][mk_button dimension=&#8221;flat&#8221; size=&#8221;medium&#8221; url=&#8221;\/en\/contact&#8221; align=&#8221;center&#8221; margin_bottom=&#8221;0&#8243; margin_right=&#8221;0&#8243; bg_color=&#8221;#e94933&#8243; btn_hover_bg=&#8221;#e86858&#8243;]CONTACT US[\/mk_button][\/vc_column_inner][vc_column_inner width=&#8221;1\/3&#8243;][\/vc_column_inner][\/vc_row_inner][\/vc_column][\/mk_page_section]\n<\/div>","protected":false},"excerpt":{"rendered":"<p>[vc_section][vc_row][vc_column][vc_empty_space height=&#8221;50px&#8221;][\/vc_column][\/vc_row][\/vc_section][vc_section][vc_row fullwidth=&#8221;true&#8221; fullwidth_content=&#8221;false&#8221; css=&#8221;.vc_custom_1532701168345{padding-left: 1% !important;}&#8221;][vc_column el_class=&#8221;header-blok&#8221;][mk_fancy_title tag_name=&#8221;h1&#8243; margin_bottom=&#8221;0&#8243; font_family=&#8221;none&#8221; responsive_align=&#8221;left&#8221;] FAQs &#8211; Service &amp; Maintenance [\/mk_fancy_title][vc_separator color=&#8221;custom&#8221; align=&#8221;align_left&#8221; el_width=&#8221;10&#8243; accent_color=&#8221;#ec3e33&#8243;][vc_empty_space][\/vc_column][\/vc_row][\/vc_section][vc_section full_width=&#8221;stretch_row&#8221;][vc_row fullwidth=&#8221;true&#8221; fullwidth_content=&#8221;false&#8221; css=&#8221;.vc_custom_1532701849183{padding-left: 1% !important;}&#8221;][vc_column][vc_tabs orientation=&#8221;vertical&#8221; el_class=&#8221;faq-list&#8221;][vc_tab title=&#8221;How often does my Bir\u00f2 require a service?&#8221; tab_id=&#8221;1540389213-1-51&#8243;][vc_column_text css=&#8221;.vc_custom_1580560132335{margin-bottom: 0px !important;}&#8221;]Regular maintenance keeps your Bir\u00f2 in perfect condition and ensures long-lasting driving pleasure. We [&hellip;]<\/p>\n","protected":false},"author":1,"featured_media":0,"parent":1715,"menu_order":0,"comment_status":"closed","ping_status":"closed","template":"","meta":{"_improvement_type_select":"improve_an_existing","_thumb_yes_seoaic":false,"_frame_yes_seoaic":false,"seoaic_generate_description":"","seoaic_improve_instructions_prompt":"","seoaic_rollback_content_improvement":"","seoaic_idea_thumbnail_generator":"","thumbnail_generated":false,"thumbnail_generate_prompt":"","seoaic_article_description":"","inline_featured_image":false,"footnotes":""},"class_list":["post-1737","page","type-page","status-publish","hentry"],"yoast_head":"<!-- This site is optimized with the Yoast SEO plugin v27.3 - https:\/\/yoast.com\/product\/yoast-seo-wordpress\/ -->\n<title>Service - Bir\u00f2<\/title>\n<meta name=\"robots\" content=\"index, follow, max-snippet:-1, max-image-preview:large, max-video-preview:-1\" \/>\n<link rel=\"canonical\" href=\"https:\/\/biro.nl\/en\/faqs\/service\/\" \/>\n<meta property=\"og:locale\" content=\"en_US\" \/>\n<meta property=\"og:type\" content=\"article\" \/>\n<meta property=\"og:title\" content=\"Service - Bir\u00f2\" \/>\n<meta property=\"og:description\" content=\"[vc_section][vc_row][vc_column][vc_empty_space height=&#8221;50px&#8221;][\/vc_column][\/vc_row][\/vc_section][vc_section][vc_row fullwidth=&#8221;true&#8221; fullwidth_content=&#8221;false&#8221; css=&#8221;.vc_custom_1532701168345{padding-left: 1% !important;}&#8221;][vc_column el_class=&#8221;header-blok&#8221;][mk_fancy_title tag_name=&#8221;h1&#8243; margin_bottom=&#8221;0&#8243; font_family=&#8221;none&#8221; responsive_align=&#8221;left&#8221;] FAQs &#8211; Service &amp; Maintenance [\/mk_fancy_title][vc_separator color=&#8221;custom&#8221; align=&#8221;align_left&#8221; el_width=&#8221;10&#8243; accent_color=&#8221;#ec3e33&#8243;][vc_empty_space][\/vc_column][\/vc_row][\/vc_section][vc_section full_width=&#8221;stretch_row&#8221;][vc_row fullwidth=&#8221;true&#8221; fullwidth_content=&#8221;false&#8221; css=&#8221;.vc_custom_1532701849183{padding-left: 1% !important;}&#8221;][vc_column][vc_tabs orientation=&#8221;vertical&#8221; el_class=&#8221;faq-list&#8221;][vc_tab title=&#8221;How often does my Bir\u00f2 require a service?&#8221; tab_id=&#8221;1540389213-1-51&#8243;][vc_column_text css=&#8221;.vc_custom_1580560132335{margin-bottom: 0px !important;}&#8221;]Regular maintenance keeps your Bir\u00f2 in perfect condition and ensures long-lasting driving pleasure. We [&hellip;]\" \/>\n<meta property=\"og:url\" content=\"https:\/\/biro.nl\/en\/faqs\/service\/\" \/>\n<meta property=\"og:site_name\" content=\"Bir\u00f2\" \/>\n<meta property=\"article:modified_time\" content=\"2020-02-01T12:29:47+00:00\" \/>\n<meta name=\"twitter:card\" content=\"summary_large_image\" \/>\n<meta name=\"twitter:label1\" content=\"Est. reading time\" \/>\n\t<meta name=\"twitter:data1\" content=\"6 minutes\" \/>\n<script type=\"application\/ld+json\" class=\"yoast-schema-graph\">{\"@context\":\"https:\\\/\\\/schema.org\",\"@graph\":[{\"@type\":\"WebPage\",\"@id\":\"https:\\\/\\\/biro.nl\\\/en\\\/faqs\\\/service\\\/\",\"url\":\"https:\\\/\\\/biro.nl\\\/en\\\/faqs\\\/service\\\/\",\"name\":\"Service - Bir\u00f2\",\"isPartOf\":{\"@id\":\"https:\\\/\\\/biro.nl\\\/en\\\/#website\"},\"datePublished\":\"2019-02-04T22:25:46+00:00\",\"dateModified\":\"2020-02-01T12:29:47+00:00\",\"breadcrumb\":{\"@id\":\"https:\\\/\\\/biro.nl\\\/en\\\/faqs\\\/service\\\/#breadcrumb\"},\"inLanguage\":\"en-US\",\"potentialAction\":[{\"@type\":\"ReadAction\",\"target\":[\"https:\\\/\\\/biro.nl\\\/en\\\/faqs\\\/service\\\/\"]}]},{\"@type\":\"BreadcrumbList\",\"@id\":\"https:\\\/\\\/biro.nl\\\/en\\\/faqs\\\/service\\\/#breadcrumb\",\"itemListElement\":[{\"@type\":\"ListItem\",\"position\":1,\"name\":\"Home\",\"item\":\"https:\\\/\\\/biro.nl\\\/en\\\/\"},{\"@type\":\"ListItem\",\"position\":2,\"name\":\"FAQs\",\"item\":\"https:\\\/\\\/biro.nl\\\/en\\\/faqs\\\/\"},{\"@type\":\"ListItem\",\"position\":3,\"name\":\"Service\"}]},{\"@type\":\"WebSite\",\"@id\":\"https:\\\/\\\/biro.nl\\\/en\\\/#website\",\"url\":\"https:\\\/\\\/biro.nl\\\/en\\\/\",\"name\":\"Bir\u00f2\",\"description\":\"slim en elektrisch auto rijden\",\"potentialAction\":[{\"@type\":\"SearchAction\",\"target\":{\"@type\":\"EntryPoint\",\"urlTemplate\":\"https:\\\/\\\/biro.nl\\\/en\\\/?s={search_term_string}\"},\"query-input\":{\"@type\":\"PropertyValueSpecification\",\"valueRequired\":true,\"valueName\":\"search_term_string\"}}],\"inLanguage\":\"en-US\"}]}<\/script>\n<!-- \/ Yoast SEO plugin. -->","yoast_head_json":{"title":"Service - Bir\u00f2","robots":{"index":"index","follow":"follow","max-snippet":"max-snippet:-1","max-image-preview":"max-image-preview:large","max-video-preview":"max-video-preview:-1"},"canonical":"https:\/\/biro.nl\/en\/faqs\/service\/","og_locale":"en_US","og_type":"article","og_title":"Service - Bir\u00f2","og_description":"[vc_section][vc_row][vc_column][vc_empty_space height=&#8221;50px&#8221;][\/vc_column][\/vc_row][\/vc_section][vc_section][vc_row fullwidth=&#8221;true&#8221; fullwidth_content=&#8221;false&#8221; css=&#8221;.vc_custom_1532701168345{padding-left: 1% !important;}&#8221;][vc_column el_class=&#8221;header-blok&#8221;][mk_fancy_title tag_name=&#8221;h1&#8243; margin_bottom=&#8221;0&#8243; font_family=&#8221;none&#8221; responsive_align=&#8221;left&#8221;] FAQs &#8211; Service &amp; Maintenance [\/mk_fancy_title][vc_separator color=&#8221;custom&#8221; align=&#8221;align_left&#8221; el_width=&#8221;10&#8243; accent_color=&#8221;#ec3e33&#8243;][vc_empty_space][\/vc_column][\/vc_row][\/vc_section][vc_section full_width=&#8221;stretch_row&#8221;][vc_row fullwidth=&#8221;true&#8221; fullwidth_content=&#8221;false&#8221; css=&#8221;.vc_custom_1532701849183{padding-left: 1% !important;}&#8221;][vc_column][vc_tabs orientation=&#8221;vertical&#8221; el_class=&#8221;faq-list&#8221;][vc_tab title=&#8221;How often does my Bir\u00f2 require a service?&#8221; tab_id=&#8221;1540389213-1-51&#8243;][vc_column_text css=&#8221;.vc_custom_1580560132335{margin-bottom: 0px !important;}&#8221;]Regular maintenance keeps your Bir\u00f2 in perfect condition and ensures long-lasting driving pleasure. We [&hellip;]","og_url":"https:\/\/biro.nl\/en\/faqs\/service\/","og_site_name":"Bir\u00f2","article_modified_time":"2020-02-01T12:29:47+00:00","twitter_card":"summary_large_image","twitter_misc":{"Est. reading time":"6 minutes"},"schema":{"@context":"https:\/\/schema.org","@graph":[{"@type":"WebPage","@id":"https:\/\/biro.nl\/en\/faqs\/service\/","url":"https:\/\/biro.nl\/en\/faqs\/service\/","name":"Service - Bir\u00f2","isPartOf":{"@id":"https:\/\/biro.nl\/en\/#website"},"datePublished":"2019-02-04T22:25:46+00:00","dateModified":"2020-02-01T12:29:47+00:00","breadcrumb":{"@id":"https:\/\/biro.nl\/en\/faqs\/service\/#breadcrumb"},"inLanguage":"en-US","potentialAction":[{"@type":"ReadAction","target":["https:\/\/biro.nl\/en\/faqs\/service\/"]}]},{"@type":"BreadcrumbList","@id":"https:\/\/biro.nl\/en\/faqs\/service\/#breadcrumb","itemListElement":[{"@type":"ListItem","position":1,"name":"Home","item":"https:\/\/biro.nl\/en\/"},{"@type":"ListItem","position":2,"name":"FAQs","item":"https:\/\/biro.nl\/en\/faqs\/"},{"@type":"ListItem","position":3,"name":"Service"}]},{"@type":"WebSite","@id":"https:\/\/biro.nl\/en\/#website","url":"https:\/\/biro.nl\/en\/","name":"Bir\u00f2","description":"slim en elektrisch auto rijden","potentialAction":[{"@type":"SearchAction","target":{"@type":"EntryPoint","urlTemplate":"https:\/\/biro.nl\/en\/?s={search_term_string}"},"query-input":{"@type":"PropertyValueSpecification","valueRequired":true,"valueName":"search_term_string"}}],"inLanguage":"en-US"}]}},"_links":{"self":[{"href":"https:\/\/biro.nl\/en\/wp-json\/wp\/v2\/pages\/1737","targetHints":{"allow":["GET"]}}],"collection":[{"href":"https:\/\/biro.nl\/en\/wp-json\/wp\/v2\/pages"}],"about":[{"href":"https:\/\/biro.nl\/en\/wp-json\/wp\/v2\/types\/page"}],"author":[{"embeddable":true,"href":"https:\/\/biro.nl\/en\/wp-json\/wp\/v2\/users\/1"}],"replies":[{"embeddable":true,"href":"https:\/\/biro.nl\/en\/wp-json\/wp\/v2\/comments?post=1737"}],"version-history":[{"count":6,"href":"https:\/\/biro.nl\/en\/wp-json\/wp\/v2\/pages\/1737\/revisions"}],"predecessor-version":[{"id":2359,"href":"https:\/\/biro.nl\/en\/wp-json\/wp\/v2\/pages\/1737\/revisions\/2359"}],"up":[{"embeddable":true,"href":"https:\/\/biro.nl\/en\/wp-json\/wp\/v2\/pages\/1715"}],"wp:attachment":[{"href":"https:\/\/biro.nl\/en\/wp-json\/wp\/v2\/media?parent=1737"}],"curies":[{"name":"wp","href":"https:\/\/api.w.org\/{rel}","templated":true}]}}