{"id":1731,"date":"2019-02-05T00:11:05","date_gmt":"2019-02-04T22:11:05","guid":{"rendered":"https:\/\/biro.nl\/faqs\/technical\/"},"modified":"2025-01-08T16:56:04","modified_gmt":"2025-01-08T14:56:04","slug":"technical","status":"publish","type":"page","link":"https:\/\/biro.nl\/en\/faqs\/technical\/","title":{"rendered":"Technical"},"content":{"rendered":"<div class=\"wpb-content-wrapper\">[vc_section][vc_row][vc_column][vc_empty_space height=&#8221;50px&#8221;][\/vc_column][\/vc_row][\/vc_section][vc_section][vc_row fullwidth=&#8221;true&#8221; fullwidth_content=&#8221;false&#8221; css=&#8221;.vc_custom_1532701168345{padding-left: 1% !important;}&#8221;][vc_column el_class=&#8221;header-blok&#8221;][mk_fancy_title tag_name=&#8221;h1&#8243; margin_bottom=&#8221;0&#8243; font_family=&#8221;none&#8221; responsive_align=&#8221;left&#8221;]\n<h2>FAQs &#8211; Technical<\/h2>\n[\/mk_fancy_title][vc_separator color=&#8221;custom&#8221; align=&#8221;align_left&#8221; el_width=&#8221;10&#8243; accent_color=&#8221;#ec3e33&#8243;][vc_empty_space][\/vc_column][\/vc_row][\/vc_section][vc_section full_width=&#8221;stretch_row&#8221;][vc_row fullwidth=&#8221;true&#8221; fullwidth_content=&#8221;false&#8221; css=&#8221;.vc_custom_1532701849183{padding-left: 1% !important;}&#8221;][vc_column][vc_tabs orientation=&#8221;vertical&#8221; el_class=&#8221;faq-list&#8221;][vc_tab title=&#8221;Is Bir\u00f2 100% electric?&#8221; tab_id=&#8221;1540388477-1-70&#8243;][vc_column_text css=&#8221;.vc_custom_1538349350024{margin-bottom: 0px !important;}&#8221;]Bir\u00f2 is completely electric and available with a fixed (100 km) or removable (55 km) battery. Charging is done via a regular socket or a charging station.[\/vc_column_text][\/vc_tab][vc_tab title=&#8221;How long does it take to charge a Bir\u00f2?&#8221; tab_id=&#8221;1540388477-2-83&#8243;][vc_column_text css=&#8221;.vc_custom_1538349403607{margin-bottom: 0px !important;}&#8221;]The charging time for a Bir\u00f2 depends on the type of battery. The charging time on a removable battery is 2 to 4 hours. Charging a fixed battery takes 3 to 6 hours.[\/vc_column_text][\/vc_tab][vc_tab title=&#8221;Can I charge a Bir\u00f2 at a charging station on the street?&#8221; tab_id=&#8221;1540388640962-2-8&#8243;][vc_column_text css=&#8221;.vc_custom_1538349463232{margin-bottom: 0px !important;}&#8221;]It&#8217;s possible to charge your Bir\u00f2 via a regular socket or at a charging station on the street. This requires a special plug that we can supply separately. <a href=\"https:\/\/biro.nl\/en\/contact\/\">Contact<\/a> us for more information.[\/vc_column_text][\/vc_tab][vc_tab title=&#8221;What is the range on a Bir\u00f2?&#8221; tab_id=&#8221;1540388706622-4-10&#8243;][vc_column_text css=&#8221;.vc_custom_1538349545480{margin-bottom: 0px !important;}&#8221;]The operating range for a Bir\u00f2 with a fixed battery is 100 km. A Bir\u00f2 with removable battery has a range of 55 km.[\/vc_column_text][\/vc_tab][vc_tab title=&#8221;What are the dimensions of a Bir\u00f2?&#8221; tab_id=&#8221;1540388731925-5-3&#8243;][vc_column_text css=&#8221;.vc_custom_1538349586609{margin-bottom: 0px !important;}&#8221;]Bir\u00f2 is 174 cm long, 108 cm wide and 157 cm in height.[\/vc_column_text][\/vc_tab][vc_tab title=&#8221;Does the Bir\u00f2 have storage space?&#8221; tab_id=&#8221;1540388967869-6-5&#8243;][vc_column_text css=&#8221;.vc_custom_1538349633107{margin-bottom: 0px !important;}&#8221;]The interior in a Bir\u00f2\u00a0has various smart storage options. Alternatively, the <a href=\"https:\/\/biro.nl\/en\/model\/biro-sets\/#big-set\">Bir\u00f2\u00a0Big Set<\/a> and <a href=\"https:\/\/biro.nl\/en\/model\/biro-sets\/#box-set\">Bir\u00f2\u00a0Box Set<\/a> provide extra options for boot space at the back.[\/vc_column_text][\/vc_tab][vc_tab title=&#8221;What if I can&#8217;t the use my Bir\u00f2 for a while, if I go on holiday for example?&#8221; tab_id=&#8221;1540389017427-9-6&#8243;][vc_column_text css=&#8221;.vc_custom_1538349751805{margin-bottom: 0px !important;}&#8221;]When you go on holiday, or if you&#8217;re away for a longer period of time and your Bir\u00f2\u00a0will remain unused, we advise you to disconnect the 12V battery at the front of your Bir\u00f2 (found under the bonnet). This prevents the battery from getting drained. This only applies to Bir\u00f2s used in combination with a Bir\u00f2 Card.[\/vc_column_text][\/vc_tab][\/vc_tabs][\/vc_column][\/vc_row][vc_row][vc_column][vc_empty_space height=&#8221;45px&#8221;][\/vc_column][\/vc_row][vc_row fullwidth=&#8221;true&#8221; fullwidth_content=&#8221;false&#8221;][vc_column width=&#8221;1\/4&#8243;][mk_button dimension=&#8221;flat&#8221; size=&#8221;medium&#8221; url=&#8221;\/en\/faqs\/&#8221; fullwidth=&#8221;true&#8221; bg_color=&#8221;#000000&#8243; btn_hover_bg=&#8221;#54545454&#8243;]OVERVIEW[\/mk_button][\/vc_column][vc_column width=&#8221;1\/4&#8243;][mk_button dimension=&#8221;flat&#8221; size=&#8221;medium&#8221; url=&#8221;\/en\/faqs\/general\/&#8221; fullwidth=&#8221;true&#8221; bg_color=&#8221;#000000&#8243; btn_hover_bg=&#8221;#54545454&#8243;]GENERAL[\/mk_button][\/vc_column][vc_column width=&#8221;1\/4&#8243;][mk_button dimension=&#8221;flat&#8221; size=&#8221;medium&#8221; url=&#8221;\/en\/faqs\/models\/&#8221; fullwidth=&#8221;true&#8221; bg_color=&#8221;#000000&#8243; btn_hover_bg=&#8221;#54545454&#8243;]MODELS[\/mk_button][\/vc_column][vc_column width=&#8221;1\/4&#8243;][mk_button dimension=&#8221;flat&#8221; size=&#8221;medium&#8221; url=&#8221;\/en\/faqs\/service\/&#8221; fullwidth=&#8221;true&#8221; bg_color=&#8221;#000000&#8243; btn_hover_bg=&#8221;#54545454&#8243;]SERVICE &amp; MAINTENANCE[\/mk_button][\/vc_column][\/vc_row][vc_row fullwidth=&#8221;true&#8221; fullwidth_content=&#8221;false&#8221;][vc_column width=&#8221;1\/4&#8243;][mk_button dimension=&#8221;flat&#8221; size=&#8221;medium&#8221; url=&#8221;\/en\/faqs\/insurance\/&#8221; fullwidth=&#8221;true&#8221; bg_color=&#8221;#000000&#8243; btn_hover_bg=&#8221;#54545454&#8243;]INSURANCE[\/mk_button][\/vc_column][vc_column width=&#8221;1\/4&#8243;][mk_button dimension=&#8221;flat&#8221; size=&#8221;medium&#8221; url=&#8221;\/en\/faqs\/occasions\/&#8221; fullwidth=&#8221;true&#8221; bg_color=&#8221;#000000&#8243; btn_hover_bg=&#8221;#54545454&#8243;]OCCASIONS[\/mk_button][\/vc_column][vc_column width=&#8221;1\/4&#8243;][mk_button dimension=&#8221;flat&#8221; size=&#8221;medium&#8221; url=&#8221;\/en\/faqs\/lease\/&#8221; fullwidth=&#8221;true&#8221; bg_color=&#8221;#000000&#8243; btn_hover_bg=&#8221;#54545454&#8243;]LEASE[\/mk_button][\/vc_column][vc_column width=&#8221;1\/4&#8243;][\/vc_column][\/vc_row][vc_row][vc_column][vc_empty_space height=&#8221;45px&#8221;][\/vc_column][\/vc_row][\/vc_section][mk_page_section bg_image=&#8221;https:\/\/biro.devcode.nl\/wp-content\/uploads\/2018\/10\/footer_contact.jpg&#8221; bg_position=&#8221;left center&#8221; bg_stretch=&#8221;true&#8221; bg_gradient=&#8221;left_bottom&#8221; video_color_mask=&#8221;#0a0a0a&#8221; video_opacity=&#8221;0.4&#8243; top_shadow=&#8221;true&#8221; min_height=&#8221;300&#8243; full_width=&#8221;true&#8221; js_vertical_centered=&#8221;true&#8221; sidebar=&#8221;sidebar-1&#8243;][vc_column][mk_fancy_title margin_bottom=&#8221;0&#8243; font_family=&#8221;none&#8221; align=&#8221;center&#8221; visibility=&#8221;hidden-sm&#8221; el_class=&#8221;text-wit&#8221;]\n<h2>Couldn&#8217;t find the answer to your question and you&#8217;d like more information?<br \/>\nGet in touch with us. We&#8217;re happy to help you.<\/h2>\n[\/mk_fancy_title][mk_fancy_title margin_bottom=&#8221;0&#8243; font_family=&#8221;none&#8221; align=&#8221;center&#8221; visibility=&#8221;visible-sm&#8221; el_class=&#8221;text-wit&#8221;]\n<h2>Couldn&#8217;t find the answer to your question<br \/>\nand you&#8217;d like more information?<br \/>\nGet in touch with us. We&#8217;re happy to help you.<\/h2>\n[\/mk_fancy_title][vc_empty_space height=&#8221;25px&#8221;][vc_row_inner][vc_column_inner width=&#8221;1\/3&#8243;][\/vc_column_inner][vc_column_inner width=&#8221;1\/3&#8243;][mk_button dimension=&#8221;flat&#8221; size=&#8221;medium&#8221; url=&#8221;\/en\/contact&#8221; align=&#8221;center&#8221; margin_bottom=&#8221;0&#8243; margin_right=&#8221;0&#8243; bg_color=&#8221;#e94933&#8243; btn_hover_bg=&#8221;#e86858&#8243;]CONTACT US[\/mk_button][\/vc_column_inner][vc_column_inner width=&#8221;1\/3&#8243;][\/vc_column_inner][\/vc_row_inner][\/vc_column][\/mk_page_section]\n<\/div>","protected":false},"excerpt":{"rendered":"<p>[vc_section][vc_row][vc_column][vc_empty_space height=&#8221;50px&#8221;][\/vc_column][\/vc_row][\/vc_section][vc_section][vc_row fullwidth=&#8221;true&#8221; fullwidth_content=&#8221;false&#8221; css=&#8221;.vc_custom_1532701168345{padding-left: 1% !important;}&#8221;][vc_column el_class=&#8221;header-blok&#8221;][mk_fancy_title tag_name=&#8221;h1&#8243; margin_bottom=&#8221;0&#8243; font_family=&#8221;none&#8221; responsive_align=&#8221;left&#8221;] FAQs &#8211; Technical [\/mk_fancy_title][vc_separator color=&#8221;custom&#8221; align=&#8221;align_left&#8221; el_width=&#8221;10&#8243; accent_color=&#8221;#ec3e33&#8243;][vc_empty_space][\/vc_column][\/vc_row][\/vc_section][vc_section full_width=&#8221;stretch_row&#8221;][vc_row fullwidth=&#8221;true&#8221; fullwidth_content=&#8221;false&#8221; css=&#8221;.vc_custom_1532701849183{padding-left: 1% !important;}&#8221;][vc_column][vc_tabs orientation=&#8221;vertical&#8221; el_class=&#8221;faq-list&#8221;][vc_tab title=&#8221;Is Bir\u00f2 100% electric?&#8221; tab_id=&#8221;1540388477-1-70&#8243;][vc_column_text css=&#8221;.vc_custom_1538349350024{margin-bottom: 0px !important;}&#8221;]Bir\u00f2 is completely electric and available with a fixed (100 km) or removable (55 km) battery. Charging is done via [&hellip;]<\/p>\n","protected":false},"author":1,"featured_media":0,"parent":1715,"menu_order":0,"comment_status":"closed","ping_status":"closed","template":"","meta":{"_improvement_type_select":"improve_an_existing","_thumb_yes_seoaic":false,"_frame_yes_seoaic":false,"seoaic_generate_description":"","seoaic_improve_instructions_prompt":"","seoaic_rollback_content_improvement":"","seoaic_idea_thumbnail_generator":"","thumbnail_generated":false,"thumbnail_generate_prompt":"","seoaic_article_description":"","inline_featured_image":false,"_monsterinsights_skip_tracking":false,"_monsterinsights_sitenote_active":false,"_monsterinsights_sitenote_note":"","_monsterinsights_sitenote_category":0,"footnotes":""},"class_list":["post-1731","page","type-page","status-publish","hentry"],"yoast_head":"<!-- This site is optimized with the Yoast SEO plugin v26.7 - https:\/\/yoast.com\/wordpress\/plugins\/seo\/ -->\n<title>Technical - Bir\u00f2<\/title>\n<meta name=\"robots\" content=\"index, follow, max-snippet:-1, max-image-preview:large, max-video-preview:-1\" \/>\n<link rel=\"canonical\" href=\"https:\/\/biro.nl\/en\/faqs\/technical\/\" \/>\n<meta property=\"og:locale\" content=\"en_US\" \/>\n<meta property=\"og:type\" content=\"article\" \/>\n<meta property=\"og:title\" content=\"Technical - Bir\u00f2\" \/>\n<meta property=\"og:description\" content=\"[vc_section][vc_row][vc_column][vc_empty_space height=&#8221;50px&#8221;][\/vc_column][\/vc_row][\/vc_section][vc_section][vc_row fullwidth=&#8221;true&#8221; fullwidth_content=&#8221;false&#8221; css=&#8221;.vc_custom_1532701168345{padding-left: 1% !important;}&#8221;][vc_column el_class=&#8221;header-blok&#8221;][mk_fancy_title tag_name=&#8221;h1&#8243; margin_bottom=&#8221;0&#8243; font_family=&#8221;none&#8221; responsive_align=&#8221;left&#8221;] FAQs &#8211; Technical [\/mk_fancy_title][vc_separator color=&#8221;custom&#8221; align=&#8221;align_left&#8221; el_width=&#8221;10&#8243; accent_color=&#8221;#ec3e33&#8243;][vc_empty_space][\/vc_column][\/vc_row][\/vc_section][vc_section full_width=&#8221;stretch_row&#8221;][vc_row fullwidth=&#8221;true&#8221; fullwidth_content=&#8221;false&#8221; css=&#8221;.vc_custom_1532701849183{padding-left: 1% !important;}&#8221;][vc_column][vc_tabs orientation=&#8221;vertical&#8221; el_class=&#8221;faq-list&#8221;][vc_tab title=&#8221;Is Bir\u00f2 100% electric?&#8221; tab_id=&#8221;1540388477-1-70&#8243;][vc_column_text css=&#8221;.vc_custom_1538349350024{margin-bottom: 0px !important;}&#8221;]Bir\u00f2 is completely electric and available with a fixed (100 km) or removable (55 km) battery. Charging is done via [&hellip;]\" \/>\n<meta property=\"og:url\" content=\"https:\/\/biro.nl\/en\/faqs\/technical\/\" \/>\n<meta property=\"og:site_name\" content=\"Bir\u00f2\" \/>\n<meta property=\"article:modified_time\" content=\"2025-01-08T14:56:04+00:00\" \/>\n<meta name=\"twitter:card\" content=\"summary_large_image\" \/>\n<meta name=\"twitter:label1\" content=\"Est. reading time\" \/>\n\t<meta name=\"twitter:data1\" content=\"3 minutes\" \/>\n<script type=\"application\/ld+json\" class=\"yoast-schema-graph\">{\"@context\":\"https:\/\/schema.org\",\"@graph\":[{\"@type\":\"WebPage\",\"@id\":\"https:\/\/biro.nl\/en\/faqs\/technical\/\",\"url\":\"https:\/\/biro.nl\/en\/faqs\/technical\/\",\"name\":\"Technical - Bir\u00f2\",\"isPartOf\":{\"@id\":\"https:\/\/biro.nl\/en\/#website\"},\"datePublished\":\"2019-02-04T22:11:05+00:00\",\"dateModified\":\"2025-01-08T14:56:04+00:00\",\"breadcrumb\":{\"@id\":\"https:\/\/biro.nl\/en\/faqs\/technical\/#breadcrumb\"},\"inLanguage\":\"en-US\",\"potentialAction\":[{\"@type\":\"ReadAction\",\"target\":[\"https:\/\/biro.nl\/en\/faqs\/technical\/\"]}]},{\"@type\":\"BreadcrumbList\",\"@id\":\"https:\/\/biro.nl\/en\/faqs\/technical\/#breadcrumb\",\"itemListElement\":[{\"@type\":\"ListItem\",\"position\":1,\"name\":\"Home\",\"item\":\"https:\/\/biro.nl\/en\/\"},{\"@type\":\"ListItem\",\"position\":2,\"name\":\"FAQs\",\"item\":\"https:\/\/biro.nl\/en\/faqs\/\"},{\"@type\":\"ListItem\",\"position\":3,\"name\":\"Technical\"}]},{\"@type\":\"WebSite\",\"@id\":\"https:\/\/biro.nl\/en\/#website\",\"url\":\"https:\/\/biro.nl\/en\/\",\"name\":\"Bir\u00f2\",\"description\":\"slim en elektrisch auto rijden\",\"potentialAction\":[{\"@type\":\"SearchAction\",\"target\":{\"@type\":\"EntryPoint\",\"urlTemplate\":\"https:\/\/biro.nl\/en\/?s={search_term_string}\"},\"query-input\":{\"@type\":\"PropertyValueSpecification\",\"valueRequired\":true,\"valueName\":\"search_term_string\"}}],\"inLanguage\":\"en-US\"}]}<\/script>\n<!-- \/ Yoast SEO plugin. -->","yoast_head_json":{"title":"Technical - Bir\u00f2","robots":{"index":"index","follow":"follow","max-snippet":"max-snippet:-1","max-image-preview":"max-image-preview:large","max-video-preview":"max-video-preview:-1"},"canonical":"https:\/\/biro.nl\/en\/faqs\/technical\/","og_locale":"en_US","og_type":"article","og_title":"Technical - Bir\u00f2","og_description":"[vc_section][vc_row][vc_column][vc_empty_space height=&#8221;50px&#8221;][\/vc_column][\/vc_row][\/vc_section][vc_section][vc_row fullwidth=&#8221;true&#8221; fullwidth_content=&#8221;false&#8221; css=&#8221;.vc_custom_1532701168345{padding-left: 1% !important;}&#8221;][vc_column el_class=&#8221;header-blok&#8221;][mk_fancy_title tag_name=&#8221;h1&#8243; margin_bottom=&#8221;0&#8243; font_family=&#8221;none&#8221; responsive_align=&#8221;left&#8221;] FAQs &#8211; Technical [\/mk_fancy_title][vc_separator color=&#8221;custom&#8221; align=&#8221;align_left&#8221; el_width=&#8221;10&#8243; accent_color=&#8221;#ec3e33&#8243;][vc_empty_space][\/vc_column][\/vc_row][\/vc_section][vc_section full_width=&#8221;stretch_row&#8221;][vc_row fullwidth=&#8221;true&#8221; fullwidth_content=&#8221;false&#8221; css=&#8221;.vc_custom_1532701849183{padding-left: 1% !important;}&#8221;][vc_column][vc_tabs orientation=&#8221;vertical&#8221; el_class=&#8221;faq-list&#8221;][vc_tab title=&#8221;Is Bir\u00f2 100% electric?&#8221; tab_id=&#8221;1540388477-1-70&#8243;][vc_column_text css=&#8221;.vc_custom_1538349350024{margin-bottom: 0px !important;}&#8221;]Bir\u00f2 is completely electric and available with a fixed (100 km) or removable (55 km) battery. Charging is done via [&hellip;]","og_url":"https:\/\/biro.nl\/en\/faqs\/technical\/","og_site_name":"Bir\u00f2","article_modified_time":"2025-01-08T14:56:04+00:00","twitter_card":"summary_large_image","twitter_misc":{"Est. reading time":"3 minutes"},"schema":{"@context":"https:\/\/schema.org","@graph":[{"@type":"WebPage","@id":"https:\/\/biro.nl\/en\/faqs\/technical\/","url":"https:\/\/biro.nl\/en\/faqs\/technical\/","name":"Technical - Bir\u00f2","isPartOf":{"@id":"https:\/\/biro.nl\/en\/#website"},"datePublished":"2019-02-04T22:11:05+00:00","dateModified":"2025-01-08T14:56:04+00:00","breadcrumb":{"@id":"https:\/\/biro.nl\/en\/faqs\/technical\/#breadcrumb"},"inLanguage":"en-US","potentialAction":[{"@type":"ReadAction","target":["https:\/\/biro.nl\/en\/faqs\/technical\/"]}]},{"@type":"BreadcrumbList","@id":"https:\/\/biro.nl\/en\/faqs\/technical\/#breadcrumb","itemListElement":[{"@type":"ListItem","position":1,"name":"Home","item":"https:\/\/biro.nl\/en\/"},{"@type":"ListItem","position":2,"name":"FAQs","item":"https:\/\/biro.nl\/en\/faqs\/"},{"@type":"ListItem","position":3,"name":"Technical"}]},{"@type":"WebSite","@id":"https:\/\/biro.nl\/en\/#website","url":"https:\/\/biro.nl\/en\/","name":"Bir\u00f2","description":"slim en elektrisch auto rijden","potentialAction":[{"@type":"SearchAction","target":{"@type":"EntryPoint","urlTemplate":"https:\/\/biro.nl\/en\/?s={search_term_string}"},"query-input":{"@type":"PropertyValueSpecification","valueRequired":true,"valueName":"search_term_string"}}],"inLanguage":"en-US"}]}},"_links":{"self":[{"href":"https:\/\/biro.nl\/en\/wp-json\/wp\/v2\/pages\/1731","targetHints":{"allow":["GET"]}}],"collection":[{"href":"https:\/\/biro.nl\/en\/wp-json\/wp\/v2\/pages"}],"about":[{"href":"https:\/\/biro.nl\/en\/wp-json\/wp\/v2\/types\/page"}],"author":[{"embeddable":true,"href":"https:\/\/biro.nl\/en\/wp-json\/wp\/v2\/users\/1"}],"replies":[{"embeddable":true,"href":"https:\/\/biro.nl\/en\/wp-json\/wp\/v2\/comments?post=1731"}],"version-history":[{"count":10,"href":"https:\/\/biro.nl\/en\/wp-json\/wp\/v2\/pages\/1731\/revisions"}],"predecessor-version":[{"id":9204,"href":"https:\/\/biro.nl\/en\/wp-json\/wp\/v2\/pages\/1731\/revisions\/9204"}],"up":[{"embeddable":true,"href":"https:\/\/biro.nl\/en\/wp-json\/wp\/v2\/pages\/1715"}],"wp:attachment":[{"href":"https:\/\/biro.nl\/en\/wp-json\/wp\/v2\/media?parent=1731"}],"curies":[{"name":"wp","href":"https:\/\/api.w.org\/{rel}","templated":true}]}}