{"id":1626,"date":"2019-02-02T23:22:52","date_gmt":"2019-02-02T21:22:52","guid":{"rendered":"https:\/\/biro.nl\/models\/"},"modified":"2022-01-14T14:18:21","modified_gmt":"2022-01-14T12:18:21","slug":"models_old","status":"publish","type":"page","link":"https:\/\/biro.nl\/en\/models_old\/","title":{"rendered":"Models"},"content":{"rendered":"<div class=\"wpb-content-wrapper\">[vc_section][vc_row][vc_column][vc_empty_space height=&#8221;50px&#8221;][\/vc_column][\/vc_row][\/vc_section][vc_section][vc_row fullwidth=&#8221;true&#8221; fullwidth_content=&#8221;false&#8221; css=&#8221;.vc_custom_1538598649521{padding-left: 1% !important;}&#8221;][vc_column el_class=&#8221;header-blok&#8221;][mk_fancy_title tag_name=&#8221;h1&#8243; margin_bottom=&#8221;0&#8243; font_family=&#8221;none&#8221; responsive_align=&#8221;left&#8221;]\n<h2>Be part of the revolution<\/h2>\n[\/mk_fancy_title][vc_separator color=&#8221;custom&#8221; align=&#8221;align_left&#8221; el_width=&#8221;10&#8243; accent_color=&#8221;#ec3e33&#8243;][vc_empty_space][\/vc_column][\/vc_row][\/vc_section][vc_section][vc_row fullwidth=&#8221;true&#8221; fullwidth_content=&#8221;false&#8221; css=&#8221;.vc_custom_1532701849183{padding-left: 1% !important;}&#8221;][vc_column el_class=&#8221;header-blok&#8221;][vc_column_text css=&#8221;.vc_custom_1593429218590{margin-bottom: 0px !important;}&#8221;]Discover the different Bir\u00f2 models and order today.[\/vc_column_text][\/vc_column][\/vc_row][vc_row][vc_column width=&#8221;1\/2&#8243; css=&#8221;.vc_custom_1532702677956{padding-right: 2% !important;}&#8221;][mk_image src=&#8221;https:\/\/biro.nl\/wp-content\/uploads\/2018\/09\/biro-urban-zijkant-rechts.jpg&#8221; image_size=&#8221;full&#8221; link=&#8221;\/en\/model\/biro-urban\/&#8221; align=&#8221;center&#8221; margin_bottom=&#8221;0&#8243;][mk_fancy_title margin_bottom=&#8221;0&#8243; font_family=&#8221;none&#8221; align=&#8221;center&#8221;]\n<h2>Bir\u00f2 Urban<\/h2>\n[\/mk_fancy_title][vc_empty_space height=&#8221;18px&#8221;][vc_column_text align=&#8221;center&#8221; css=&#8221;.vc_custom_1538563162834{margin-bottom: 0px !important;}&#8221;]Bir\u00f2 Urban is a complete and fully-equipped model. Equipped with high-gloss frame and a 345-degree view, a comfortable and safe way to get around.[\/vc_column_text][vc_column_text align=&#8221;center&#8221; css=&#8221;.vc_custom_1618222125670{margin-bottom: 0px !important;}&#8221;]<strong>Starting at \u20ac14,995 incl. 21% VAT<br \/>\n<\/strong><strong><span style=\"color: #ff0000;\"><em>or \u20ac245 per month*<\/em><\/span><\/strong>[\/vc_column_text][vc_row_inner][vc_column_inner][mk_button dimension=&#8221;flat&#8221; size=&#8221;medium&#8221; url=&#8221;\/en\/model\/biro-urban&#8221; align=&#8221;center&#8221; margin_bottom=&#8221;0&#8243; margin_right=&#8221;0&#8243; bg_color=&#8221;#000000&#8243; btn_hover_bg=&#8221;#424242&#8243;]MORE INFO[\/mk_button][\/vc_column_inner][\/vc_row_inner][vc_empty_space height=&#8221;50px&#8221; el_class=&#8221;empty-space-desktop&#8221;][\/vc_column][vc_column width=&#8221;1\/2&#8243; css=&#8221;.vc_custom_1532702687665{padding-left: 2% !important;}&#8221;][mk_image src=&#8221;https:\/\/biro.nl\/wp-content\/uploads\/2018\/09\/biro-black-limited-edition-voorkant.jpg&#8221; image_size=&#8221;full&#8221; link=&#8221;\/en\/model\/biro-limited-edition\/&#8221; align=&#8221;center&#8221; margin_bottom=&#8221;0&#8243;][mk_fancy_title margin_bottom=&#8221;0&#8243; font_family=&#8221;none&#8221; align=&#8221;center&#8221;]\n<h2>Bir\u00f2 Limited Edition<\/h2>\n[\/mk_fancy_title][vc_empty_space height=&#8221;18px&#8221;][vc_column_text align=&#8221;center&#8221; css=&#8221;.vc_custom_1538563169101{margin-bottom: 0px !important;}&#8221;]Bir\u00f2 Limited Edition is Bir\u00f2 Urban&#8217;s cool older brother. Equipped with a matte frame, tinted windows and metal plates at the front and the rear.[\/vc_column_text][vc_column_text align=&#8221;center&#8221; css=&#8221;.vc_custom_1618221875706{margin-bottom: 0px !important;}&#8221;]<strong>Starting at \u20ac15,995 incl. 21% VAT<br \/>\n<span style=\"color: #ff0000;\"><em>or \u20ac260 per month*<\/em><\/span><br \/>\n<\/strong>[\/vc_column_text][vc_row_inner][vc_column_inner][mk_button dimension=&#8221;flat&#8221; size=&#8221;medium&#8221; url=&#8221;\/en\/model\/biro-limited-edition\/&#8221; align=&#8221;center&#8221; margin_bottom=&#8221;0&#8243; margin_right=&#8221;0&#8243; bg_color=&#8221;#000000&#8243; btn_hover_bg=&#8221;#424242&#8243;]MORE INFO[\/mk_button][\/vc_column_inner][\/vc_row_inner][\/vc_column][\/vc_row][vc_row visibility=&#8221;hidden-sm&#8221;][vc_column][vc_empty_space height=&#8221;100px&#8221;][\/vc_column][\/vc_row][vc_row visibility=&#8221;visible-sm&#8221;][vc_column][vc_empty_space height=&#8221;50px&#8221;][\/vc_column][\/vc_row][vc_row][vc_column width=&#8221;1\/2&#8243; css=&#8221;.vc_custom_1532702687665{padding-left: 2% !important;}&#8221;][mk_image src=&#8221;https:\/\/biro.nl\/wp-content\/uploads\/2018\/09\/biro-black-urban-big-zijkant-rechts.jpg&#8221; image_size=&#8221;full&#8221; link=&#8221;\/en\/model\/biro-sets\/#big-set&#8221; align=&#8221;center&#8221; margin_bottom=&#8221;0&#8243;][mk_fancy_title margin_bottom=&#8221;0&#8243; font_family=&#8221;none&#8221; align=&#8221;center&#8221;]\n<h2>Bir\u00f2 Big Set<\/h2>\n[\/mk_fancy_title][vc_empty_space height=&#8221;18px&#8221;][vc_column_text align=&#8221;center&#8221; css=&#8221;.vc_custom_1538563183993{margin-bottom: 0px !important;}&#8221;]Add a transparent boot at the back of your Bir\u00f2. Ideal if you want to bring some extra luggage with you. Bir\u00f2 Big Set is available for both the Bir\u00f2 Urban and Bir\u00f2 Limited Edition.[\/vc_column_text][vc_column_text align=&#8221;center&#8221; css=&#8221;.vc_custom_1618222171587{margin-bottom: 0px !important;}&#8221;]<strong>Starting at \u20ac16,995 incl. 21% VAT<br \/>\n<span style=\"color: #ff0000;\"><em>or \u20ac275 per month*<\/em><\/span><br \/>\n<\/strong>[\/vc_column_text][vc_row_inner][vc_column_inner][mk_button dimension=&#8221;flat&#8221; size=&#8221;medium&#8221; url=&#8221;\/en\/model\/biro-sets\/#big-set&#8221; align=&#8221;center&#8221; margin_bottom=&#8221;0&#8243; margin_right=&#8221;0&#8243; bg_color=&#8221;#000000&#8243; btn_hover_bg=&#8221;#424242&#8243;]MORE INFO[\/mk_button][\/vc_column_inner][\/vc_row_inner][vc_empty_space height=&#8221;75px&#8221; el_class=&#8221;empty-space-desktop&#8221;][\/vc_column][vc_column width=&#8221;1\/2&#8243; css=&#8221;.vc_custom_1532702677956{padding-right: 2% !important;}&#8221;][mk_image src=&#8221;https:\/\/biro.nl\/wp-content\/uploads\/2018\/09\/biro-winter-box-oranje-3-4-achterkant-links-open.jpg&#8221; image_size=&#8221;full&#8221; link=&#8221;\/en\/model\/biro-sets\/#box-set&#8221; align=&#8221;center&#8221; margin_bottom=&#8221;0&#8243;][mk_fancy_title margin_bottom=&#8221;0&#8243; font_family=&#8221;none&#8221; align=&#8221;center&#8221;]\n<h2>Bir\u00f2 Box Set<\/h2>\n[\/mk_fancy_title][vc_empty_space height=&#8221;18px&#8221;][vc_column_text align=&#8221;center&#8221; css=&#8221;.vc_custom_1538563190778{margin-bottom: 0px !important;}&#8221;]Add an extra enclosed boot at the back of your Bir\u00f2. Ideal for transporting small goods in the city. Bir\u00f2 Box Set is available for both the Bir\u00f2 Urban and Bir\u00f2 Limited Edition.[\/vc_column_text][vc_column_text align=&#8221;center&#8221; css=&#8221;.vc_custom_1618222226318{margin-bottom: 0px !important;}&#8221;]<strong>Starting at \u20ac17,495 incl. 21% VAT<br \/>\n<span style=\"color: #ff0000;\"><em>or \u20ac280 per month*<\/em><\/span><br \/>\n<\/strong>[\/vc_column_text][vc_row_inner][vc_column_inner][mk_button dimension=&#8221;flat&#8221; size=&#8221;medium&#8221; url=&#8221;\/en\/model\/biro-sets\/#box-set&#8221; align=&#8221;center&#8221; margin_bottom=&#8221;0&#8243; margin_right=&#8221;0&#8243; bg_color=&#8221;#000000&#8243; btn_hover_bg=&#8221;#424242&#8243;]MORE INFO[\/mk_button][\/vc_column_inner][\/vc_row_inner][\/vc_column][\/vc_row][vc_row visibility=&#8221;hidden-sm&#8221;][vc_column][vc_empty_space height=&#8221;100px&#8221;][\/vc_column][\/vc_row][vc_row visibility=&#8221;visible-sm&#8221;][vc_column][vc_empty_space height=&#8221;50px&#8221;][\/vc_column][\/vc_row][vc_row][vc_column width=&#8221;1\/2&#8243; css=&#8221;.vc_custom_1532702677956{padding-right: 2% !important;}&#8221;][mk_image src=&#8221;https:\/\/biro.nl\/wp-content\/uploads\/2018\/09\/biro-winter-bolt-box-voorkant.jpg&#8221; image_size=&#8221;full&#8221; link=&#8221;\/en\/model\/biro-sets\/#bolt-set&#8221; align=&#8221;center&#8221; margin_bottom=&#8221;0&#8243;][mk_fancy_title margin_bottom=&#8221;0&#8243; font_family=&#8221;none&#8221; align=&#8221;center&#8221;]\n<h2>Bir\u00f2 Bolt Set<\/h2>\n[\/mk_fancy_title][vc_empty_space height=&#8221;18px&#8221;][vc_column_text align=&#8221;center&#8221; css=&#8221;.vc_custom_1538563177560{margin-bottom: 0px !important;}&#8221;]Want to go faster? A top speed of 60 km\/h also gets you from A to B quicker outside the busy city. Bir\u00f2 Bolt Set is available for both the Bir\u00f2 Urban and Bir\u00f2 Limited Edition.[\/vc_column_text][vc_column_text align=&#8221;center&#8221; css=&#8221;.vc_custom_1618223007133{margin-bottom: 0px !important;}&#8221;]<strong>Starting at \u20ac16,495 \u00a0incl. 21% VAT<br \/>\n<span style=\"color: #ff0000;\"><em>or \u20ac270 per month*<\/em><\/span><br \/>\n<\/strong>[\/vc_column_text][vc_row_inner][vc_column_inner][mk_button dimension=&#8221;flat&#8221; size=&#8221;medium&#8221; url=&#8221;\/en\/model\/biro-sets\/#bolt-set&#8221; align=&#8221;center&#8221; margin_bottom=&#8221;0&#8243; margin_right=&#8221;0&#8243; bg_color=&#8221;#000000&#8243; btn_hover_bg=&#8221;#424242&#8243;]MORE INFO[\/mk_button][\/vc_column_inner][\/vc_row_inner][vc_empty_space height=&#8221;60px&#8221; el_class=&#8221;empty-space-desktop&#8221;][\/vc_column][vc_column width=&#8221;1\/2&#8243; css=&#8221;.vc_custom_1532702687665{padding-left: 2% !important;}&#8221;][mk_image src=&#8221;\/wp-content\/uploads\/2018\/09\/biro-urban-zijkant-rechts.jpg&#8221; image_size=&#8221;full&#8221; link=&#8221;\/en\/occasions\/&#8221; align=&#8221;center&#8221; margin_bottom=&#8221;0&#8243;][mk_fancy_title margin_bottom=&#8221;0&#8243; font_family=&#8221;none&#8221; align=&#8221;center&#8221;]\n<h2>Occasions<\/h2>\n[\/mk_fancy_title][vc_empty_space height=&#8221;18px&#8221;][vc_column_text align=&#8221;center&#8221; css=&#8221;.vc_custom_1581517637109{margin-bottom: 0px !important;}&#8221;]Take a look at our selection of second-hand Bir\u00f2s. They\u2019re ready-to-drive and available immediately.[\/vc_column_text][vc_column_text align=&#8221;center&#8221; css=&#8221;.vc_custom_1584474076154{margin-bottom: 0px !important;}&#8221;]<strong>Have a look at our selection occasions.<\/strong>[\/vc_column_text][vc_row_inner][vc_column_inner][mk_button dimension=&#8221;flat&#8221; size=&#8221;medium&#8221; url=&#8221;\/en\/occasions\/&#8221; align=&#8221;center&#8221; margin_bottom=&#8221;0&#8243; margin_right=&#8221;0&#8243; bg_color=&#8221;#000000&#8243; btn_hover_bg=&#8221;#424242&#8243;]MORE INFO[\/mk_button][\/vc_column_inner][\/vc_row_inner][\/vc_column][\/vc_row][vc_row][vc_column][vc_empty_space height=&#8221;65px&#8221;][vc_column_text align=&#8221;center&#8221; css=&#8221;.vc_custom_1618223803307{margin-bottom: 0px !important;}&#8221;]* Indicative rate based on a 60-months contract term and VAT down payment. Inquire about the possibilities. Caution! Borrowing money costs money.[\/vc_column_text][\/vc_column][\/vc_row][\/vc_section][vc_section][vc_row][vc_column][vc_empty_space height=&#8221;65px&#8221;][\/vc_column][\/vc_row][vc_row][vc_column width=&#8221;1\/4&#8243;][\/vc_column][vc_column width=&#8221;1\/2&#8243;][mk_fancy_title margin_bottom=&#8221;0&#8243; font_family=&#8221;none&#8221; align=&#8221;center&#8221;]\n<h2>Take a look at our selection of used Bir\u00f2s here<\/h2>\n[\/mk_fancy_title][vc_separator color=&#8221;custom&#8221; el_width=&#8221;20&#8243; accent_color=&#8221;#ec3e33&#8243;][mk_button dimension=&#8221;flat&#8221; size=&#8221;medium&#8221; url=&#8221;\/en\/occasions&#8221; align=&#8221;center&#8221; margin_bottom=&#8221;0&#8243; margin_right=&#8221;0&#8243; bg_color=&#8221;#000000&#8243; btn_hover_bg=&#8221;#424242&#8243;]OCCASIONS[\/mk_button][\/vc_column][vc_column width=&#8221;1\/4&#8243;][\/vc_column][\/vc_row][vc_row][vc_column][vc_empty_space height=&#8221;64px&#8221;][\/vc_column][\/vc_row][\/vc_section][mk_page_section bg_image=&#8221;https:\/\/biro.nl\/wp-content\/uploads\/2018\/09\/footer_proefrit.jpg&#8221; bg_position=&#8221;left center&#8221; bg_stretch=&#8221;true&#8221; bg_gradient=&#8221;left_bottom&#8221; video_color_mask=&#8221;#0a0a0a&#8221; video_opacity=&#8221;0.4&#8243; top_shadow=&#8221;true&#8221; min_height=&#8221;300&#8243; full_width=&#8221;true&#8221; js_vertical_centered=&#8221;true&#8221; sidebar=&#8221;sidebar-1&#8243;][vc_column][mk_fancy_title margin_bottom=&#8221;0&#8243; font_family=&#8221;none&#8221; align=&#8221;center&#8221; visibility=&#8221;hidden-sm&#8221; el_class=&#8221;text-wit&#8221;]\n<h2>Experience the convenience and the pleasure of Bir\u00f2 yourself?<br \/>\nRequest a free test drive today.<\/h2>\n[\/mk_fancy_title][mk_fancy_title margin_bottom=&#8221;0&#8243; font_family=&#8221;none&#8221; align=&#8221;center&#8221; visibility=&#8221;visible-sm&#8221; el_class=&#8221;text-wit&#8221;]\n<h2>Experience the convenience<br \/>\nand the pleasure of Bir\u00f2 yourself?<br \/>\nRequest a free test drive today.<\/h2>\n[\/mk_fancy_title][vc_empty_space height=&#8221;20px&#8221;][vc_row_inner][vc_column_inner width=&#8221;1\/3&#8243;][\/vc_column_inner][vc_column_inner width=&#8221;1\/3&#8243;][mk_button dimension=&#8221;flat&#8221; size=&#8221;medium&#8221; url=&#8221;\/en\/test-drive&#8221; align=&#8221;center&#8221; bg_color=&#8221;#e94933&#8243; btn_hover_bg=&#8221;#e86858&#8243;]REQUEST TEST DRIVE[\/mk_button][\/vc_column_inner][vc_column_inner width=&#8221;1\/3&#8243;][\/vc_column_inner][\/vc_row_inner][\/vc_column][\/mk_page_section]\n<\/div>","protected":false},"excerpt":{"rendered":"<p>[vc_section][vc_row][vc_column][vc_empty_space height=&#8221;50px&#8221;][\/vc_column][\/vc_row][\/vc_section][vc_section][vc_row fullwidth=&#8221;true&#8221; fullwidth_content=&#8221;false&#8221; css=&#8221;.vc_custom_1538598649521{padding-left: 1% !important;}&#8221;][vc_column el_class=&#8221;header-blok&#8221;][mk_fancy_title tag_name=&#8221;h1&#8243; margin_bottom=&#8221;0&#8243; font_family=&#8221;none&#8221; responsive_align=&#8221;left&#8221;] Be part of the revolution [\/mk_fancy_title][vc_separator color=&#8221;custom&#8221; align=&#8221;align_left&#8221; el_width=&#8221;10&#8243; accent_color=&#8221;#ec3e33&#8243;][vc_empty_space][\/vc_column][\/vc_row][\/vc_section][vc_section][vc_row fullwidth=&#8221;true&#8221; fullwidth_content=&#8221;false&#8221; css=&#8221;.vc_custom_1532701849183{padding-left: 1% !important;}&#8221;][vc_column el_class=&#8221;header-blok&#8221;][vc_column_text css=&#8221;.vc_custom_1593429218590{margin-bottom: 0px !important;}&#8221;]Discover the different Bir\u00f2 models and order today.[\/vc_column_text][\/vc_column][\/vc_row][vc_row][vc_column width=&#8221;1\/2&#8243; css=&#8221;.vc_custom_1532702677956{padding-right: 2% !important;}&#8221;][mk_image src=&#8221;https:\/\/biro.nl\/wp-content\/uploads\/2018\/09\/biro-urban-zijkant-rechts.jpg&#8221; image_size=&#8221;full&#8221; link=&#8221;\/en\/model\/biro-urban\/&#8221; align=&#8221;center&#8221; margin_bottom=&#8221;0&#8243;][mk_fancy_title margin_bottom=&#8221;0&#8243; font_family=&#8221;none&#8221; align=&#8221;center&#8221;] Bir\u00f2 Urban [\/mk_fancy_title][vc_empty_space height=&#8221;18px&#8221;][vc_column_text align=&#8221;center&#8221; [&hellip;]<\/p>\n","protected":false},"author":1,"featured_media":0,"parent":0,"menu_order":0,"comment_status":"closed","ping_status":"closed","template":"","meta":{"_improvement_type_select":"improve_an_existing","_thumb_yes_seoaic":false,"_frame_yes_seoaic":false,"seoaic_generate_description":"","seoaic_improve_instructions_prompt":"","seoaic_rollback_content_improvement":"","seoaic_idea_thumbnail_generator":"","thumbnail_generated":false,"thumbnail_generate_prompt":"","seoaic_article_description":"","inline_featured_image":false,"footnotes":""},"class_list":["post-1626","page","type-page","status-publish","hentry"],"yoast_head":"<!-- This site is optimized with the Yoast SEO plugin v27.3 - https:\/\/yoast.com\/product\/yoast-seo-wordpress\/ -->\n<title>Bir\u00f2 | Modellen<\/title>\n<meta name=\"description\" content=\"Ontdek de verschillende Bir\u00f2 modellen en kies \u00f3\u00f3k voor slimme enduurzame mobiliteit. Verplaats je schoon, flexibel en snel door het drukke stadsverkeer.\" \/>\n<meta name=\"robots\" content=\"index, follow, max-snippet:-1, max-image-preview:large, max-video-preview:-1\" \/>\n<link rel=\"canonical\" href=\"https:\/\/biro.nl\/en\/models_old\/\" \/>\n<meta property=\"og:locale\" content=\"en_US\" \/>\n<meta property=\"og:type\" content=\"article\" \/>\n<meta property=\"og:title\" content=\"Bir\u00f2 | Modellen\" \/>\n<meta property=\"og:description\" content=\"Ontdek de verschillende Bir\u00f2 modellen en kies \u00f3\u00f3k voor slimme enduurzame mobiliteit. Verplaats je schoon, flexibel en snel door het drukke stadsverkeer.\" \/>\n<meta property=\"og:url\" content=\"https:\/\/biro.nl\/en\/models_old\/\" \/>\n<meta property=\"og:site_name\" content=\"Bir\u00f2\" \/>\n<meta property=\"article:modified_time\" content=\"2022-01-14T12:18:21+00:00\" \/>\n<meta property=\"og:image\" content=\"https:\/\/biro.nl\/wp-content\/uploads\/2018\/07\/proefrit_02.jpg\" \/>\n\t<meta property=\"og:image:width\" content=\"450\" \/>\n\t<meta property=\"og:image:height\" content=\"350\" \/>\n\t<meta property=\"og:image:type\" content=\"image\/jpeg\" \/>\n<meta name=\"twitter:card\" content=\"summary_large_image\" \/>\n<meta name=\"twitter:title\" content=\"Bir\u00f2 | Modellen\" \/>\n<meta name=\"twitter:description\" content=\"Ontdek de verschillende Bir\u00f2 modellen en kies \u00f3\u00f3k voor slimme enduurzame mobiliteit. Verplaats je schoon, flexibel en snel door het drukke stadsverkeer.\" \/>\n<meta name=\"twitter:image\" content=\"https:\/\/biro.nl\/wp-content\/uploads\/2018\/07\/proefrit_02.jpg\" \/>\n<meta name=\"twitter:label1\" content=\"Est. reading time\" \/>\n\t<meta name=\"twitter:data1\" content=\"3 minutes\" \/>\n<script type=\"application\/ld+json\" class=\"yoast-schema-graph\">{\"@context\":\"https:\\\/\\\/schema.org\",\"@graph\":[{\"@type\":\"WebPage\",\"@id\":\"https:\\\/\\\/biro.nl\\\/en\\\/models_old\\\/\",\"url\":\"https:\\\/\\\/biro.nl\\\/en\\\/models_old\\\/\",\"name\":\"Bir\u00f2 | Modellen\",\"isPartOf\":{\"@id\":\"https:\\\/\\\/biro.nl\\\/en\\\/#website\"},\"datePublished\":\"2019-02-02T21:22:52+00:00\",\"dateModified\":\"2022-01-14T12:18:21+00:00\",\"description\":\"Ontdek de verschillende Bir\u00f2 modellen en kies \u00f3\u00f3k voor slimme enduurzame mobiliteit. Verplaats je schoon, flexibel en snel door het drukke stadsverkeer.\",\"breadcrumb\":{\"@id\":\"https:\\\/\\\/biro.nl\\\/en\\\/models_old\\\/#breadcrumb\"},\"inLanguage\":\"en-US\",\"potentialAction\":[{\"@type\":\"ReadAction\",\"target\":[\"https:\\\/\\\/biro.nl\\\/en\\\/models_old\\\/\"]}]},{\"@type\":\"BreadcrumbList\",\"@id\":\"https:\\\/\\\/biro.nl\\\/en\\\/models_old\\\/#breadcrumb\",\"itemListElement\":[{\"@type\":\"ListItem\",\"position\":1,\"name\":\"Home\",\"item\":\"https:\\\/\\\/biro.nl\\\/en\\\/\"},{\"@type\":\"ListItem\",\"position\":2,\"name\":\"Models\"}]},{\"@type\":\"WebSite\",\"@id\":\"https:\\\/\\\/biro.nl\\\/en\\\/#website\",\"url\":\"https:\\\/\\\/biro.nl\\\/en\\\/\",\"name\":\"Bir\u00f2\",\"description\":\"slim en elektrisch auto rijden\",\"potentialAction\":[{\"@type\":\"SearchAction\",\"target\":{\"@type\":\"EntryPoint\",\"urlTemplate\":\"https:\\\/\\\/biro.nl\\\/en\\\/?s={search_term_string}\"},\"query-input\":{\"@type\":\"PropertyValueSpecification\",\"valueRequired\":true,\"valueName\":\"search_term_string\"}}],\"inLanguage\":\"en-US\"}]}<\/script>\n<!-- \/ Yoast SEO plugin. -->","yoast_head_json":{"title":"Bir\u00f2 | Modellen","description":"Ontdek de verschillende Bir\u00f2 modellen en kies \u00f3\u00f3k voor slimme enduurzame mobiliteit. Verplaats je schoon, flexibel en snel door het drukke stadsverkeer.","robots":{"index":"index","follow":"follow","max-snippet":"max-snippet:-1","max-image-preview":"max-image-preview:large","max-video-preview":"max-video-preview:-1"},"canonical":"https:\/\/biro.nl\/en\/models_old\/","og_locale":"en_US","og_type":"article","og_title":"Bir\u00f2 | Modellen","og_description":"Ontdek de verschillende Bir\u00f2 modellen en kies \u00f3\u00f3k voor slimme enduurzame mobiliteit. Verplaats je schoon, flexibel en snel door het drukke stadsverkeer.","og_url":"https:\/\/biro.nl\/en\/models_old\/","og_site_name":"Bir\u00f2","article_modified_time":"2022-01-14T12:18:21+00:00","og_image":[{"width":450,"height":350,"url":"https:\/\/biro.nl\/wp-content\/uploads\/2018\/07\/proefrit_02.jpg","type":"image\/jpeg"}],"twitter_card":"summary_large_image","twitter_title":"Bir\u00f2 | Modellen","twitter_description":"Ontdek de verschillende Bir\u00f2 modellen en kies \u00f3\u00f3k voor slimme enduurzame mobiliteit. Verplaats je schoon, flexibel en snel door het drukke stadsverkeer.","twitter_image":"https:\/\/biro.nl\/wp-content\/uploads\/2018\/07\/proefrit_02.jpg","twitter_misc":{"Est. reading time":"3 minutes"},"schema":{"@context":"https:\/\/schema.org","@graph":[{"@type":"WebPage","@id":"https:\/\/biro.nl\/en\/models_old\/","url":"https:\/\/biro.nl\/en\/models_old\/","name":"Bir\u00f2 | Modellen","isPartOf":{"@id":"https:\/\/biro.nl\/en\/#website"},"datePublished":"2019-02-02T21:22:52+00:00","dateModified":"2022-01-14T12:18:21+00:00","description":"Ontdek de verschillende Bir\u00f2 modellen en kies \u00f3\u00f3k voor slimme enduurzame mobiliteit. Verplaats je schoon, flexibel en snel door het drukke stadsverkeer.","breadcrumb":{"@id":"https:\/\/biro.nl\/en\/models_old\/#breadcrumb"},"inLanguage":"en-US","potentialAction":[{"@type":"ReadAction","target":["https:\/\/biro.nl\/en\/models_old\/"]}]},{"@type":"BreadcrumbList","@id":"https:\/\/biro.nl\/en\/models_old\/#breadcrumb","itemListElement":[{"@type":"ListItem","position":1,"name":"Home","item":"https:\/\/biro.nl\/en\/"},{"@type":"ListItem","position":2,"name":"Models"}]},{"@type":"WebSite","@id":"https:\/\/biro.nl\/en\/#website","url":"https:\/\/biro.nl\/en\/","name":"Bir\u00f2","description":"slim en elektrisch auto rijden","potentialAction":[{"@type":"SearchAction","target":{"@type":"EntryPoint","urlTemplate":"https:\/\/biro.nl\/en\/?s={search_term_string}"},"query-input":{"@type":"PropertyValueSpecification","valueRequired":true,"valueName":"search_term_string"}}],"inLanguage":"en-US"}]}},"_links":{"self":[{"href":"https:\/\/biro.nl\/en\/wp-json\/wp\/v2\/pages\/1626","targetHints":{"allow":["GET"]}}],"collection":[{"href":"https:\/\/biro.nl\/en\/wp-json\/wp\/v2\/pages"}],"about":[{"href":"https:\/\/biro.nl\/en\/wp-json\/wp\/v2\/types\/page"}],"author":[{"embeddable":true,"href":"https:\/\/biro.nl\/en\/wp-json\/wp\/v2\/users\/1"}],"replies":[{"embeddable":true,"href":"https:\/\/biro.nl\/en\/wp-json\/wp\/v2\/comments?post=1626"}],"version-history":[{"count":28,"href":"https:\/\/biro.nl\/en\/wp-json\/wp\/v2\/pages\/1626\/revisions"}],"predecessor-version":[{"id":3563,"href":"https:\/\/biro.nl\/en\/wp-json\/wp\/v2\/pages\/1626\/revisions\/3563"}],"wp:attachment":[{"href":"https:\/\/biro.nl\/en\/wp-json\/wp\/v2\/media?parent=1626"}],"curies":[{"name":"wp","href":"https:\/\/api.w.org\/{rel}","templated":true}]}}